{"id":1808,"date":"2024-12-16T12:18:05","date_gmt":"2024-12-16T10:18:05","guid":{"rendered":"https:\/\/meadowfield.eu\/?page_id=1808"},"modified":"2025-01-05T12:45:14","modified_gmt":"2025-01-05T10:45:14","slug":"koolie-jay","status":"publish","type":"page","link":"https:\/\/meadowfield.eu\/english\/koolie-jay\/","title":{"rendered":"koolie-Jay"},"content":{"rendered":"<div class=\"fusion-fullwidth fullwidth-box fusion-builder-row-1 fusion-flex-container nonhundred-percent-fullwidth non-hundred-percent-height-scrolling\" style=\"--awb-background-position:left top;--awb-border-radius-top-left:0px;--awb-border-radius-top-right:0px;--awb-border-radius-bottom-right:0px;--awb-border-radius-bottom-left:0px;--awb-padding-top:20px;--awb-padding-bottom:20px;--awb-border-sizes-top:0px;--awb-border-sizes-bottom:0px;--awb-flex-wrap:wrap;\" ><div class=\"fusion-builder-row fusion-row fusion-flex-align-items-flex-start fusion-flex-content-wrap\" style=\"max-width:1144px;margin-left: calc(-4% \/ 2 );margin-right: calc(-4% \/ 2 );\"><div class=\"fusion-layout-column fusion_builder_column fusion-builder-column-0 fusion_builder_column_1_1 1_1 fusion-flex-column\" style=\"--awb-bg-size:cover;--awb-width-large:100%;--awb-margin-top-large:0px;--awb-spacing-right-large:1.92%;--awb-margin-bottom-large:20px;--awb-spacing-left-large:1.92%;--awb-width-medium:100%;--awb-order-medium:0;--awb-spacing-right-medium:1.92%;--awb-spacing-left-medium:1.92%;--awb-width-small:100%;--awb-order-small:0;--awb-spacing-right-small:1.92%;--awb-spacing-left-small:1.92%;\"><div class=\"fusion-column-wrapper fusion-column-has-shadow fusion-flex-justify-content-flex-start fusion-content-layout-column\">\n<div class=\"fusion-slider-revolution rev_slider_wrapper\">\t\t\t<!-- START Jay REVOLUTION SLIDER 6.6.5 --><p class=\"rs-p-wp-fix\"><\/p>\n\t\t\t<rs-module-wrap id=\"rev_slider_21_1_wrapper\" data-source=\"gallery\" style=\"visibility:hidden;background:#E9E9E9;padding:0;margin:0px auto;margin-top:0;margin-bottom:100;\">\n\t\t\t\t<rs-module id=\"rev_slider_21_1\" style=\"\" data-version=\"6.6.5\">\n\t\t\t\t\t<rs-slides style=\"overflow: hidden; position: absolute;\">\n\t\t\t\t\t\t<rs-slide style=\"position: absolute;\" data-key=\"rs-199\" data-title=\"Slide\" data-thumb=\"\/\/meadowfield.eu\/wp-content\/uploads\/2024\/12\/911A0267-Bearbeitet-scaled-320x200.jpg\" data-in=\"o:0;\" data-out=\"a:false;\">\n\t\t\t\t\t\t\t<img decoding=\"async\" src=\"\/\/meadowfield.eu\/wp-content\/plugins\/revslider\/public\/assets\/assets\/dummy.png\" alt=\"\" title=\"koolie-Jay\" class=\"rev-slidebg tp-rs-img rs-lazyload\" data-lazyload=\"\/\/meadowfield.eu\/wp-content\/uploads\/2024\/12\/911A0267-Bearbeitet-scaled.jpg\" data-no-retina>\n<!---->\t\t\t\t\t\t<\/rs-slide>\n\t\t\t\t\t\t<rs-slide style=\"position: absolute;\" data-key=\"rs-200\" data-title=\"Slide\" data-thumb=\"\/\/meadowfield.eu\/wp-content\/uploads\/2024\/12\/911A0335-320x200.jpg\" data-in=\"o:0;\" data-out=\"a:false;\">\n\t\t\t\t\t\t\t<img decoding=\"async\" src=\"\/\/meadowfield.eu\/wp-content\/plugins\/revslider\/public\/assets\/assets\/dummy.png\" alt=\"\" title=\"koolie-Jay\" class=\"rev-slidebg tp-rs-img rs-lazyload\" data-lazyload=\"\/\/meadowfield.eu\/wp-content\/uploads\/2024\/12\/911A0335.jpg\" data-no-retina>\n<!---->\t\t\t\t\t\t<\/rs-slide>\n\t\t\t\t\t\t<rs-slide style=\"position: absolute;\" data-key=\"rs-201\" data-title=\"Slide\" data-thumb=\"\/\/meadowfield.eu\/wp-content\/uploads\/2024\/12\/911A0208-scaled-320x200.jpg\" data-in=\"o:0;\" data-out=\"a:false;\">\n\t\t\t\t\t\t\t<img decoding=\"async\" src=\"\/\/meadowfield.eu\/wp-content\/plugins\/revslider\/public\/assets\/assets\/dummy.png\" alt=\"\" title=\"koolie-Jay\" class=\"rev-slidebg tp-rs-img rs-lazyload\" data-lazyload=\"\/\/meadowfield.eu\/wp-content\/uploads\/2024\/12\/911A0208-scaled.jpg\" data-no-retina>\n<!---->\t\t\t\t\t\t<\/rs-slide>\n\t\t\t\t\t\t<rs-slide style=\"position: absolute;\" data-key=\"rs-202\" data-title=\"Slide\" data-thumb=\"\/\/meadowfield.eu\/wp-content\/uploads\/2024\/12\/911A0164-scaled-320x200.jpg\" data-in=\"o:0;\" data-out=\"a:false;\">\n\t\t\t\t\t\t\t<img decoding=\"async\" src=\"\/\/meadowfield.eu\/wp-content\/plugins\/revslider\/public\/assets\/assets\/dummy.png\" alt=\"\" title=\"koolie-Jay\" class=\"rev-slidebg tp-rs-img rs-lazyload\" data-lazyload=\"\/\/meadowfield.eu\/wp-content\/uploads\/2024\/12\/911A0164-scaled.jpg\" data-no-retina>\n<!---->\t\t\t\t\t\t<\/rs-slide>\n\t\t\t\t\t\t<rs-slide style=\"position: absolute;\" data-key=\"rs-203\" data-title=\"Slide\" data-thumb=\"\/\/meadowfield.eu\/wp-content\/uploads\/2024\/12\/911A0382-320x200.jpg\" data-in=\"o:0;\" data-out=\"a:false;\">\n\t\t\t\t\t\t\t<img decoding=\"async\" src=\"\/\/meadowfield.eu\/wp-content\/plugins\/revslider\/public\/assets\/assets\/dummy.png\" alt=\"\" title=\"koolie-Jay\" class=\"rev-slidebg tp-rs-img rs-lazyload\" data-lazyload=\"\/\/meadowfield.eu\/wp-content\/uploads\/2024\/12\/911A0382.jpg\" data-bg=\"f:contain;\" data-no-retina>\n<!---->\t\t\t\t\t\t<\/rs-slide>\n\t\t\t\t\t<\/rs-slides>\n\t\t\t\t\t<rs-static-layers><!--\n\t\t\t\t\t--><\/rs-static-layers>\n\t\t\t\t<\/rs-module>\n\t\t\t\t<script>\n\t\t\t\t\tsetREVStartSize({c: 'rev_slider_21_1',rl:[1240,1024,778,480],el:[550],gw:[960],gh:[550],type:'standard',justify:'',layout:'fullwidth',thumbh:\"90\",mh:\"0\"});if (window.RS_MODULES!==undefined && window.RS_MODULES.modules!==undefined && window.RS_MODULES.modules[\"revslider211\"]!==undefined) {window.RS_MODULES.modules[\"revslider211\"].once = false;window.revapi21 = undefined;if (window.RS_MODULES.checkMinimal!==undefined) window.RS_MODULES.checkMinimal()}\n\t\t\t\t<\/script>\n\t\t\t<\/rs-module-wrap>\n\t\t\t<!-- END REVOLUTION SLIDER -->\n<\/div><\/div><\/div><div class=\"fusion-layout-column fusion_builder_column fusion-builder-column-1 fusion_builder_column_2_3 2_3 fusion-flex-column\" style=\"--awb-bg-size:cover;--awb-width-large:66.666666666667%;--awb-margin-top-large:0px;--awb-spacing-right-large:3.84%;--awb-margin-bottom-large:20px;--awb-spacing-left-large:2.88%;--awb-width-medium:66.666666666667%;--awb-spacing-right-medium:3.84%;--awb-spacing-left-medium:2.88%;--awb-width-small:100%;--awb-spacing-right-small:1.92%;--awb-spacing-left-small:1.92%;\"><div class=\"fusion-column-wrapper fusion-flex-justify-content-flex-start fusion-content-layout-column\"><div class=\"fusion-text fusion-text-1\"><p><strong>Cartel Daher, aka&#8220;Jay&#8220;, geb. 29.12.2022<\/strong><\/p>\n<p>Eigentlich war es gar nicht geplant Jay zu importieren. Wir hatten ihn als Deckr\u00fcden ausgew\u00e4hlt und wollten an sich &#8222;nur&#8220; seinen Samen nach Deutschland holen. Nun ergab sich spontan die Chance ihn zu kaufen und wir haben zugegriffen. Er ist ein Schatz, ein Clown, ein Haudegen, ein Action Hero &#8211; also kurzerhand: Genau richtig! Wir sind froh diese Entscheidung on top getroffen zu haben und so ist er zusammen mit Bilby eingereist. Wir haben somit nicht nur mehr neue Linien hier dr\u00fcben, sondern auch mal wieder ein wenig &#8222;Fluff&#8220; ganz zu meiner Freude (-: Wir haben schon einige Pl\u00e4ne f\u00fcr Jay, er hat in Australien bereits f\u00fcr Nachwuchs gesorgt und dieser entwickelt sich pr\u00e4chtg.<\/p>\n<p>June ist HD\/ED\/OCD ger\u00f6ntgt ohne Befund und hat den Embark Panel test, er tr\u00e4gt von allen zu Zeit testbaren genetischen Krankheiten genau 0.<br \/>\nSchulterh\u00f6he: 51 cm<br \/>\nWeight: 15 Kg<\/p>\n<\/div><\/div><\/div><div class=\"fusion-layout-column fusion_builder_column fusion-builder-column-2 fusion_builder_column_1_3 1_3 fusion-flex-column\" style=\"--awb-bg-size:cover;--awb-width-large:33.333333333333%;--awb-margin-top-large:0px;--awb-spacing-right-large:5.76%;--awb-margin-bottom-large:20px;--awb-spacing-left-large:3.84%;--awb-width-medium:33.333333333333%;--awb-spacing-right-medium:5.76%;--awb-spacing-left-medium:3.84%;--awb-width-small:100%;--awb-spacing-right-small:1.92%;--awb-spacing-left-small:1.92%;\"><div class=\"fusion-column-wrapper fusion-flex-justify-content-flex-start fusion-content-layout-column\"><div class=\"fusion-content-boxes content-boxes columns row fusion-columns-1 fusion-columns-total-1 fusion-content-boxes-1 content-boxes-icon-on-top content-left\" style=\"--awb-hover-accent-color:#ab8b65;--awb-circle-hover-accent-color:#ab8b65;--awb-item-margin-bottom:40px;\" data-animationoffset=\"top-into-view\"><div style=\"--awb-backgroundcolor:transparent;--awb-iconcolor:#3f3f3f;\" class=\"fusion-column content-box-column content-box-column content-box-column-1 col-lg-12 col-md-12 col-sm-12 fusion-content-box-hover content-box-column-last content-box-column-last-in-row\"><div class=\"col content-box-wrapper content-wrapper link-area-link-icon link-type-text content-icon-wrapper-yes icon-hover-animation-fade\" data-animationoffset=\"top-into-view\"><div class=\"heading heading-with-icon icon-left\"><a class=\"heading-link\" href=\"https:\/\/1drv.ms\/f\/s!Ain9nrBMuTK0gYpcC_cBPpKXbjVuag?e=adz3dv\" target=\"_blank\" rel=\"noopener noreferrer\"><div class=\"icon\"><span style=\"height:42px;width:42px;line-height:22px;border-color:rgba(255,255,255,0);border-width:1px;border-style:solid;background-color:#3f3f3f;box-sizing:content-box;border-radius:50%;\"><i style=\"border-color:#3f3f3f;border-width:1px;background-color:#b3dbdd;box-sizing:content-box;height:40px;width:40px;line-height:40px;border-radius:50%;position:relative;top:auto;left:auto;margin:0;border-radius:50%;font-size:20px;\" aria-hidden=\"true\" class=\"fontawesome-icon fa-camera fas circle-yes\"><\/i><\/span><\/div><h2 class=\"content-box-heading\" style=\"--h2_typography-font-size:24px;line-height:29px;\">PHOTOS<\/h2><\/a><\/div><div class=\"fusion-clearfix\"><\/div><div class=\"content-container\">\n<p><a href=\"https:\/\/1drv.ms\/f\/s!Ain9nrBMuTK0gYpcC_cBPpKXbjVuag?e=adz3dv\"><img decoding=\"async\" class=\"alignnone wp-image-1912 size-full\" src=\"https:\/\/meadowfield.eu\/wp-content\/uploads\/2025\/01\/911A0267-Bearbeitet-scaled.jpg\" alt=\"\" width=\"2560\" height=\"1707\" srcset=\"https:\/\/meadowfield.eu\/wp-content\/uploads\/2025\/01\/911A0267-Bearbeitet-18x12.jpg 18w, https:\/\/meadowfield.eu\/wp-content\/uploads\/2025\/01\/911A0267-Bearbeitet-200x133.jpg 200w, https:\/\/meadowfield.eu\/wp-content\/uploads\/2025\/01\/911A0267-Bearbeitet-300x200.jpg 300w, https:\/\/meadowfield.eu\/wp-content\/uploads\/2025\/01\/911A0267-Bearbeitet-400x267.jpg 400w, https:\/\/meadowfield.eu\/wp-content\/uploads\/2025\/01\/911A0267-Bearbeitet-600x400.jpg 600w, https:\/\/meadowfield.eu\/wp-content\/uploads\/2025\/01\/911A0267-Bearbeitet-768x512.jpg 768w, https:\/\/meadowfield.eu\/wp-content\/uploads\/2025\/01\/911A0267-Bearbeitet-800x534.jpg 800w, https:\/\/meadowfield.eu\/wp-content\/uploads\/2025\/01\/911A0267-Bearbeitet-1024x683.jpg 1024w, https:\/\/meadowfield.eu\/wp-content\/uploads\/2025\/01\/911A0267-Bearbeitet-1200x800.jpg 1200w, https:\/\/meadowfield.eu\/wp-content\/uploads\/2025\/01\/911A0267-Bearbeitet-1536x1024.jpg 1536w, https:\/\/meadowfield.eu\/wp-content\/uploads\/2025\/01\/911A0267-Bearbeitet-scaled.jpg 2560w\" sizes=\"(max-width: 2560px) 100vw, 2560px\" \/><\/a><\/p>\n<\/div><\/div><\/div><div class=\"fusion-clearfix\"><\/div><\/div><\/div><\/div><\/div><\/div>","protected":false},"excerpt":{"rendered":"","protected":false},"author":3,"featured_media":0,"parent":0,"menu_order":0,"comment_status":"closed","ping_status":"closed","template":"100-width.php","meta":{"_acf_changed":false,"footnotes":""},"class_list":["post-1808","page","type-page","status-publish","hentry"],"acf":[],"aioseo_notices":[],"_links":{"self":[{"href":"https:\/\/meadowfield.eu\/english\/wp-json\/wp\/v2\/pages\/1808","targetHints":{"allow":["GET"]}}],"collection":[{"href":"https:\/\/meadowfield.eu\/english\/wp-json\/wp\/v2\/pages"}],"about":[{"href":"https:\/\/meadowfield.eu\/english\/wp-json\/wp\/v2\/types\/page"}],"author":[{"embeddable":true,"href":"https:\/\/meadowfield.eu\/english\/wp-json\/wp\/v2\/users\/3"}],"replies":[{"embeddable":true,"href":"https:\/\/meadowfield.eu\/english\/wp-json\/wp\/v2\/comments?post=1808"}],"version-history":[{"count":4,"href":"https:\/\/meadowfield.eu\/english\/wp-json\/wp\/v2\/pages\/1808\/revisions"}],"predecessor-version":[{"id":1913,"href":"https:\/\/meadowfield.eu\/english\/wp-json\/wp\/v2\/pages\/1808\/revisions\/1913"}],"wp:attachment":[{"href":"https:\/\/meadowfield.eu\/english\/wp-json\/wp\/v2\/media?parent=1808"}],"curies":[{"name":"wp","href":"https:\/\/api.w.org\/{rel}","templated":true}]}}