{"id":1862,"date":"2024-12-16T18:39:11","date_gmt":"2024-12-16T16:39:11","guid":{"rendered":"https:\/\/meadowfield.eu\/?page_id=1862"},"modified":"2025-01-05T12:42:45","modified_gmt":"2025-01-05T10:42:45","slug":"koolie-kuparr","status":"publish","type":"page","link":"https:\/\/meadowfield.eu\/english\/koolie-kuparr\/","title":{"rendered":"Koolie\/Kuparr"},"content":{"rendered":"<p><div class=\"fusion-fullwidth fullwidth-box fusion-builder-row-1 fusion-flex-container has-pattern-background has-mask-background nonhundred-percent-fullwidth non-hundred-percent-height-scrolling\" style=\"--awb-border-radius-top-left:0px;--awb-border-radius-top-right:0px;--awb-border-radius-bottom-right:0px;--awb-border-radius-bottom-left:0px;--awb-flex-wrap:wrap;\" ><div class=\"fusion-builder-row fusion-row fusion-flex-align-items-flex-start fusion-flex-content-wrap\" style=\"max-width:1144px;margin-left: calc(-4% \/ 2 );margin-right: calc(-4% \/ 2 );\"><div class=\"fusion-layout-column fusion_builder_column fusion-builder-column-0 fusion_builder_column_1_1 1_1 fusion-flex-column\" style=\"--awb-bg-size:cover;--awb-width-large:100%;--awb-margin-top-large:0px;--awb-spacing-right-large:1.92%;--awb-margin-bottom-large:20px;--awb-spacing-left-large:1.92%;--awb-width-medium:100%;--awb-order-medium:0;--awb-spacing-right-medium:1.92%;--awb-spacing-left-medium:1.92%;--awb-width-small:100%;--awb-order-small:0;--awb-spacing-right-small:1.92%;--awb-spacing-left-small:1.92%;\"><div class=\"fusion-column-wrapper fusion-column-has-shadow fusion-flex-justify-content-flex-start fusion-content-layout-column\">\n<div class=\"fusion-slider-revolution rev_slider_wrapper\">\t\t\t<!-- START Kuparr REVOLUTION SLIDER 6.6.5 --><p class=\"rs-p-wp-fix\"><\/p>\n\t\t\t<rs-module-wrap id=\"rev_slider_25_1_wrapper\" data-source=\"gallery\" style=\"visibility:hidden;background:#E9E9E9;padding:0;margin:0px auto;margin-top:0;margin-bottom:100;\">\n\t\t\t\t<rs-module id=\"rev_slider_25_1\" style=\"\" data-version=\"6.6.5\">\n\t\t\t\t\t<rs-slides style=\"overflow: hidden; position: absolute;\">\n\t\t\t\t\t\t<rs-slide style=\"position: absolute;\" data-key=\"rs-259\" data-title=\"Slide\" data-thumb=\"\/\/meadowfield.eu\/wp-content\/uploads\/2025\/01\/PHOTO-2024-06-04-08-06-25-320x200.jpg\" data-in=\"o:0;\" data-out=\"a:false;\">\n\t\t\t\t\t\t\t<img decoding=\"async\" src=\"\/\/meadowfield.eu\/wp-content\/plugins\/revslider\/public\/assets\/assets\/dummy.png\" alt=\"\" title=\"Koolie\/Kuparr\" class=\"rev-slidebg tp-rs-img rs-lazyload\" data-lazyload=\"\/\/meadowfield.eu\/wp-content\/uploads\/2025\/01\/PHOTO-2024-06-04-08-06-25.jpg\" data-no-retina>\n<!---->\t\t\t\t\t\t<\/rs-slide>\n\t\t\t\t\t\t<rs-slide style=\"position: absolute;\" data-key=\"rs-255\" data-title=\"Slide\" data-thumb=\"\/\/meadowfield.eu\/wp-content\/uploads\/2025\/01\/PHOTO-2023-07-26-09-24-06-1-320x200.jpg\" data-in=\"o:0;\" data-out=\"a:false;\">\n\t\t\t\t\t\t\t<img decoding=\"async\" src=\"\/\/meadowfield.eu\/wp-content\/plugins\/revslider\/public\/assets\/assets\/dummy.png\" alt=\"\" title=\"Koolie\/Kuparr\" class=\"rev-slidebg tp-rs-img rs-lazyload\" data-lazyload=\"\/\/meadowfield.eu\/wp-content\/uploads\/2025\/01\/PHOTO-2023-07-26-09-24-06-1.jpg\" data-no-retina>\n<!---->\t\t\t\t\t\t<\/rs-slide>\n\t\t\t\t\t\t<rs-slide style=\"position: absolute;\" data-key=\"rs-254\" data-title=\"Slide\" data-thumb=\"\/\/meadowfield.eu\/wp-content\/uploads\/2025\/01\/IMG_9873-320x200.jpg\" data-in=\"o:0;\" data-out=\"a:false;\">\n\t\t\t\t\t\t\t<img decoding=\"async\" src=\"\/\/meadowfield.eu\/wp-content\/plugins\/revslider\/public\/assets\/assets\/dummy.png\" alt=\"\" title=\"Koolie\/Kuparr\" class=\"rev-slidebg tp-rs-img rs-lazyload\" data-lazyload=\"\/\/meadowfield.eu\/wp-content\/uploads\/2025\/01\/IMG_9873.jpg\" data-no-retina>\n<!---->\t\t\t\t\t\t<\/rs-slide>\n\t\t\t\t\t\t<rs-slide style=\"position: absolute;\" data-key=\"rs-258\" data-title=\"Slide\" data-thumb=\"\/\/meadowfield.eu\/wp-content\/uploads\/2025\/01\/PHOTO-2024-03-18-17-15-44-320x200.jpg\" data-in=\"o:0;\" data-out=\"a:false;\">\n\t\t\t\t\t\t\t<img decoding=\"async\" src=\"\/\/meadowfield.eu\/wp-content\/plugins\/revslider\/public\/assets\/assets\/dummy.png\" alt=\"\" title=\"Koolie\/Kuparr\" class=\"rev-slidebg tp-rs-img rs-lazyload\" data-lazyload=\"\/\/meadowfield.eu\/wp-content\/uploads\/2025\/01\/PHOTO-2024-03-18-17-15-44.jpg\" data-bg=\"f:contain;\" data-no-retina>\n<!---->\t\t\t\t\t\t<\/rs-slide>\n\t\t\t\t\t\t<rs-slide style=\"position: absolute;\" data-key=\"rs-256\" data-title=\"Slide\" data-thumb=\"\/\/meadowfield.eu\/wp-content\/uploads\/2025\/01\/PHOTO-2023-07-26-09-24-06-320x200.jpg\" data-in=\"o:0;\" data-out=\"a:false;\">\n\t\t\t\t\t\t\t<img decoding=\"async\" src=\"\/\/meadowfield.eu\/wp-content\/plugins\/revslider\/public\/assets\/assets\/dummy.png\" alt=\"\" title=\"Koolie\/Kuparr\" class=\"rev-slidebg tp-rs-img rs-lazyload\" data-lazyload=\"\/\/meadowfield.eu\/wp-content\/uploads\/2025\/01\/PHOTO-2023-07-26-09-24-06.jpg\" data-no-retina>\n<!---->\t\t\t\t\t\t<\/rs-slide>\n\t\t\t\t\t\t<rs-slide style=\"position: absolute;\" data-key=\"rs-257\" data-title=\"Slide\" data-thumb=\"\/\/meadowfield.eu\/wp-content\/uploads\/2025\/01\/PHOTO-2024-03-18-17-15-42-320x200.jpg\" data-in=\"o:0;\" data-out=\"a:false;\">\n\t\t\t\t\t\t\t<img decoding=\"async\" src=\"\/\/meadowfield.eu\/wp-content\/plugins\/revslider\/public\/assets\/assets\/dummy.png\" alt=\"\" title=\"Koolie\/Kuparr\" class=\"rev-slidebg tp-rs-img rs-lazyload\" data-lazyload=\"\/\/meadowfield.eu\/wp-content\/uploads\/2025\/01\/PHOTO-2024-03-18-17-15-42.jpg\" data-bg=\"f:contain;\" data-no-retina>\n<!---->\t\t\t\t\t\t<\/rs-slide>\n\t\t\t\t\t<\/rs-slides>\n\t\t\t\t\t<rs-static-layers><!--\n\t\t\t\t\t--><\/rs-static-layers>\n\t\t\t\t<\/rs-module>\n\t\t\t\t<script>\n\t\t\t\t\tsetREVStartSize({c: 'rev_slider_25_1',rl:[1240,1024,778,480],el:[550],gw:[960],gh:[550],type:'standard',justify:'',layout:'fullwidth',thumbh:\"90\",mh:\"0\"});if (window.RS_MODULES!==undefined && window.RS_MODULES.modules!==undefined && window.RS_MODULES.modules[\"revslider251\"]!==undefined) {window.RS_MODULES.modules[\"revslider251\"].once = false;window.revapi25 = undefined;if (window.RS_MODULES.checkMinimal!==undefined) window.RS_MODULES.checkMinimal()}\n\t\t\t\t<\/script>\n\t\t\t<\/rs-module-wrap>\n\t\t\t<!-- END REVOLUTION SLIDER -->\n<\/div><\/div><\/div><\/div><\/div><div class=\"fusion-fullwidth fullwidth-box fusion-builder-row-2 fusion-flex-container nonhundred-percent-fullwidth non-hundred-percent-height-scrolling\" style=\"--awb-background-position:left top;--awb-border-radius-top-left:0px;--awb-border-radius-top-right:0px;--awb-border-radius-bottom-right:0px;--awb-border-radius-bottom-left:0px;--awb-padding-top:20px;--awb-padding-bottom:20px;--awb-border-sizes-top:0px;--awb-border-sizes-bottom:0px;--awb-flex-wrap:wrap;\" ><div class=\"fusion-builder-row fusion-row fusion-flex-align-items-flex-start fusion-flex-content-wrap\" style=\"max-width:1144px;margin-left: calc(-4% \/ 2 );margin-right: calc(-4% \/ 2 );\"><div class=\"fusion-layout-column fusion_builder_column fusion-builder-column-1 fusion_builder_column_2_3 2_3 fusion-flex-column\" style=\"--awb-bg-size:cover;--awb-width-large:66.666666666667%;--awb-margin-top-large:0px;--awb-spacing-right-large:3.84%;--awb-margin-bottom-large:20px;--awb-spacing-left-large:2.88%;--awb-width-medium:66.666666666667%;--awb-spacing-right-medium:3.84%;--awb-spacing-left-medium:2.88%;--awb-width-small:100%;--awb-spacing-right-small:1.92%;--awb-spacing-left-small:1.92%;\"><div class=\"fusion-column-wrapper fusion-flex-justify-content-flex-start fusion-content-layout-column\"><div class=\"fusion-text fusion-text-1\"><p><strong>ALLAMBIE KUPARR, geb. 14.06.2022<\/strong><\/p>\n<p>&nbsp;<\/p>\n<p>Kuparr (ehemals Kalle) haben wir im Januar 2023 zusamen mit Topaz nach Deutschland geholt. Einen Junghund zu importieren ist immer eine kleine Wundert\u00fcte, denn wir wissen zu dem Zeitpuntk ja noch nicht, wie er sich charakterlich und ebenso in Sachenn R\u00f6ntgen usw als Erwachsener zeigen wird. Wir haben die Kooliewelt seit vielen Jahren im Blick und hatten bei ihm als Welpe einfach ein sehr gutes Bauchgef\u00fchl. Hat sich bewahrheitet: Kuparr ist ein souver\u00e4ner, besonnenener und ziemlich ausgelevelter Vertreter der Rasse. Er ist sehr solide gebaut, ein einziges Muskelpaket.<br \/>\nBei Eva Berginc in \u00d6sterreich wird er zum Kadaversuchhung ausgebilet und ist in der Tr\u00fcmmersuche aktiv. Was sein totales Steckenpferd ist, denn er tanzt f\u00f6rmlich \u00fcber Tr\u00fcmmerlandschaften, er wusste von Beginn an seine 4 Beine bewusst und sinnvoll einzusetzen. Damit ist er vielen Hunden einiges Voraus, denn ganz vielen Hunden hilft man mit explizitem Geschicklichkeitstraining vorab in diesen Job. Von seiner Nase ganz zu schweigen, er liebt seine Arbeit. Er hat richtig Lust und immer einen klaren Kopf dabei. Vertr\u00e4glich und ein Kasper ist auch auch, was will man also mehr? Volltreffer ((-:<\/p>\n<p>Kuparr ist HD B, ED\/OCD frei, hat den Embark Panel Test (tr\u00e4gt keine Erbkrankheiten)<br \/>\nSchulterh\u00f6he: 57 cm<br \/>\nGewicht: 22 Kg<br \/>\nCOI: 3%<\/p>\n<\/div><\/div><\/div><div class=\"fusion-layout-column fusion_builder_column fusion-builder-column-2 fusion_builder_column_1_3 1_3 fusion-flex-column\" style=\"--awb-bg-size:cover;--awb-width-large:33.333333333333%;--awb-margin-top-large:0px;--awb-spacing-right-large:5.76%;--awb-margin-bottom-large:20px;--awb-spacing-left-large:3.84%;--awb-width-medium:33.333333333333%;--awb-spacing-right-medium:5.76%;--awb-spacing-left-medium:3.84%;--awb-width-small:100%;--awb-spacing-right-small:1.92%;--awb-spacing-left-small:1.92%;\"><div class=\"fusion-column-wrapper fusion-flex-justify-content-flex-start fusion-content-layout-column\"><div class=\"fusion-content-boxes content-boxes columns row fusion-columns-1 fusion-columns-total-1 fusion-content-boxes-1 content-boxes-icon-on-top content-left\" style=\"--awb-hover-accent-color:#ab8b65;--awb-circle-hover-accent-color:#ab8b65;--awb-item-margin-bottom:40px;\" data-animationoffset=\"top-into-view\"><div style=\"--awb-backgroundcolor:transparent;--awb-iconcolor:#3f3f3f;\" class=\"fusion-column content-box-column content-box-column content-box-column-1 col-lg-12 col-md-12 col-sm-12 fusion-content-box-hover content-box-column-last content-box-column-last-in-row\"><div class=\"col content-box-wrapper content-wrapper link-area-link-icon link-type-text content-icon-wrapper-yes icon-hover-animation-fade\" data-animationoffset=\"top-into-view\"><div class=\"heading heading-with-icon icon-left\"><a class=\"heading-link\" href=\"https:\/\/1drv.ms\/f\/s!Ain9nrBMuTK0gYsAIy8vbwlhZ_QbIQ?e=mOcQZo\" target=\"_blank\" rel=\"noopener noreferrer\"><div class=\"icon\"><span style=\"height:42px;width:42px;line-height:22px;border-color:rgba(255,255,255,0);border-width:1px;border-style:solid;background-color:#3f3f3f;box-sizing:content-box;border-radius:50%;\"><i style=\"border-color:#3f3f3f;border-width:1px;background-color:#b3dbdd;box-sizing:content-box;height:40px;width:40px;line-height:40px;border-radius:50%;position:relative;top:auto;left:auto;margin:0;border-radius:50%;font-size:20px;\" aria-hidden=\"true\" class=\"fontawesome-icon fa-camera fas circle-yes\"><\/i><\/span><\/div><h2 class=\"content-box-heading\" style=\"--h2_typography-font-size:24px;line-height:29px;\">PHOTOS<\/h2><\/a><\/div><div class=\"fusion-clearfix\"><\/div><div class=\"content-container\">\n<p><a href=\"https:\/\/1drv.ms\/f\/s!Ain9nrBMuTK0gYsAIy8vbwlhZ_QbIQ?e=mOcQZo\"><img decoding=\"async\" class=\"alignnone wp-image-1770 size-full\" src=\"https:\/\/meadowfield.eu\/wp-content\/uploads\/2024\/12\/Kein-Titel-1920-\u00d7-1500-px-2300-\u00d7-1800-px-2.png\" alt=\"\" width=\"1249\" height=\"1618\" srcset=\"https:\/\/meadowfield.eu\/wp-content\/uploads\/2024\/12\/Kein-Titel-1920-\u00d7-1500-px-2300-\u00d7-1800-px-2-9x12.png 9w, https:\/\/meadowfield.eu\/wp-content\/uploads\/2024\/12\/Kein-Titel-1920-\u00d7-1500-px-2300-\u00d7-1800-px-2-200x259.png 200w, https:\/\/meadowfield.eu\/wp-content\/uploads\/2024\/12\/Kein-Titel-1920-\u00d7-1500-px-2300-\u00d7-1800-px-2-232x300.png 232w, https:\/\/meadowfield.eu\/wp-content\/uploads\/2024\/12\/Kein-Titel-1920-\u00d7-1500-px-2300-\u00d7-1800-px-2-400x518.png 400w, https:\/\/meadowfield.eu\/wp-content\/uploads\/2024\/12\/Kein-Titel-1920-\u00d7-1500-px-2300-\u00d7-1800-px-2-600x777.png 600w, https:\/\/meadowfield.eu\/wp-content\/uploads\/2024\/12\/Kein-Titel-1920-\u00d7-1500-px-2300-\u00d7-1800-px-2-768x995.png 768w, https:\/\/meadowfield.eu\/wp-content\/uploads\/2024\/12\/Kein-Titel-1920-\u00d7-1500-px-2300-\u00d7-1800-px-2-790x1024.png 790w, https:\/\/meadowfield.eu\/wp-content\/uploads\/2024\/12\/Kein-Titel-1920-\u00d7-1500-px-2300-\u00d7-1800-px-2-800x1036.png 800w, https:\/\/meadowfield.eu\/wp-content\/uploads\/2024\/12\/Kein-Titel-1920-\u00d7-1500-px-2300-\u00d7-1800-px-2-1186x1536.png 1186w, https:\/\/meadowfield.eu\/wp-content\/uploads\/2024\/12\/Kein-Titel-1920-\u00d7-1500-px-2300-\u00d7-1800-px-2-1200x1555.png 1200w, https:\/\/meadowfield.eu\/wp-content\/uploads\/2024\/12\/Kein-Titel-1920-\u00d7-1500-px-2300-\u00d7-1800-px-2.png 1249w\" sizes=\"(max-width: 1249px) 100vw, 1249px\" \/><\/a><\/p>\n<\/div><\/div><\/div><div class=\"fusion-clearfix\"><\/div><\/div><\/div><\/div><\/div><\/div><\/p>","protected":false},"excerpt":{"rendered":"","protected":false},"author":3,"featured_media":0,"parent":0,"menu_order":0,"comment_status":"closed","ping_status":"closed","template":"100-width.php","meta":{"_acf_changed":false,"footnotes":""},"class_list":["post-1862","page","type-page","status-publish","hentry"],"acf":[],"aioseo_notices":[],"_links":{"self":[{"href":"https:\/\/meadowfield.eu\/english\/wp-json\/wp\/v2\/pages\/1862","targetHints":{"allow":["GET"]}}],"collection":[{"href":"https:\/\/meadowfield.eu\/english\/wp-json\/wp\/v2\/pages"}],"about":[{"href":"https:\/\/meadowfield.eu\/english\/wp-json\/wp\/v2\/types\/page"}],"author":[{"embeddable":true,"href":"https:\/\/meadowfield.eu\/english\/wp-json\/wp\/v2\/users\/3"}],"replies":[{"embeddable":true,"href":"https:\/\/meadowfield.eu\/english\/wp-json\/wp\/v2\/comments?post=1862"}],"version-history":[{"count":4,"href":"https:\/\/meadowfield.eu\/english\/wp-json\/wp\/v2\/pages\/1862\/revisions"}],"predecessor-version":[{"id":1911,"href":"https:\/\/meadowfield.eu\/english\/wp-json\/wp\/v2\/pages\/1862\/revisions\/1911"}],"wp:attachment":[{"href":"https:\/\/meadowfield.eu\/english\/wp-json\/wp\/v2\/media?parent=1862"}],"curies":[{"name":"wp","href":"https:\/\/api.w.org\/{rel}","templated":true}]}}