{"id":1869,"date":"2025-01-02T08:01:52","date_gmt":"2025-01-02T06:01:52","guid":{"rendered":"https:\/\/meadowfield.eu\/?page_id=1869"},"modified":"2025-01-05T11:42:04","modified_gmt":"2025-01-05T09:42:04","slug":"koolie-myka","status":"publish","type":"page","link":"https:\/\/meadowfield.eu\/english\/koolie-myka\/","title":{"rendered":"koolie_myka"},"content":{"rendered":"<p><div class=\"fusion-fullwidth fullwidth-box fusion-builder-row-1 fusion-flex-container has-pattern-background has-mask-background nonhundred-percent-fullwidth non-hundred-percent-height-scrolling\" style=\"--awb-border-radius-top-left:0px;--awb-border-radius-top-right:0px;--awb-border-radius-bottom-right:0px;--awb-border-radius-bottom-left:0px;--awb-flex-wrap:wrap;\" ><div class=\"fusion-builder-row fusion-row fusion-flex-align-items-flex-start fusion-flex-content-wrap\" style=\"max-width:1144px;margin-left: calc(-4% \/ 2 );margin-right: calc(-4% \/ 2 );\"><div class=\"fusion-layout-column fusion_builder_column fusion-builder-column-0 fusion_builder_column_1_1 1_1 fusion-flex-column\" style=\"--awb-bg-size:cover;--awb-width-large:100%;--awb-margin-top-large:0px;--awb-spacing-right-large:1.92%;--awb-margin-bottom-large:20px;--awb-spacing-left-large:1.92%;--awb-width-medium:100%;--awb-order-medium:0;--awb-spacing-right-medium:1.92%;--awb-spacing-left-medium:1.92%;--awb-width-small:100%;--awb-order-small:0;--awb-spacing-right-small:1.92%;--awb-spacing-left-small:1.92%;\"><div class=\"fusion-column-wrapper fusion-column-has-shadow fusion-flex-justify-content-flex-start fusion-content-layout-column\">\n<div class=\"fusion-slider-revolution rev_slider_wrapper\">\t\t\t<!-- START Myka REVOLUTION SLIDER 6.6.5 --><p class=\"rs-p-wp-fix\"><\/p>\n\t\t\t<rs-module-wrap id=\"rev_slider_23_1_wrapper\" data-source=\"gallery\" style=\"visibility:hidden;background:#E9E9E9;padding:0;margin:0px auto;margin-top:0;margin-bottom:100;\">\n\t\t\t\t<rs-module id=\"rev_slider_23_1\" style=\"\" data-version=\"6.6.5\">\n\t\t\t\t\t<rs-slides style=\"overflow: hidden; position: absolute;\">\n\t\t\t\t\t\t<rs-slide style=\"position: absolute;\" data-key=\"rs-235\" data-title=\"Slide\" data-thumb=\"\/\/meadowfield.eu\/wp-content\/uploads\/2025\/01\/PHOTO-2024-11-06-15-37-58-1-1-320x200.jpg\" data-in=\"o:0;\" data-out=\"a:false;\">\n\t\t\t\t\t\t\t<img decoding=\"async\" src=\"\/\/meadowfield.eu\/wp-content\/plugins\/revslider\/public\/assets\/assets\/dummy.png\" alt=\"\" title=\"koolie_myka\" class=\"rev-slidebg tp-rs-img rs-lazyload\" data-lazyload=\"\/\/meadowfield.eu\/wp-content\/uploads\/2025\/01\/PHOTO-2024-11-06-15-37-58-1-1.jpg\" data-no-retina>\n<!---->\t\t\t\t\t\t<\/rs-slide>\n\t\t\t\t\t\t<rs-slide style=\"position: absolute;\" data-key=\"rs-234\" data-title=\"Slide\" data-thumb=\"\/\/meadowfield.eu\/wp-content\/uploads\/2025\/01\/PHOTO-2024-11-06-15-37-54-320x200.jpg\" data-in=\"o:0;\" data-out=\"a:false;\">\n\t\t\t\t\t\t\t<img decoding=\"async\" src=\"\/\/meadowfield.eu\/wp-content\/plugins\/revslider\/public\/assets\/assets\/dummy.png\" alt=\"\" title=\"koolie_myka\" class=\"rev-slidebg tp-rs-img rs-lazyload\" data-lazyload=\"\/\/meadowfield.eu\/wp-content\/uploads\/2025\/01\/PHOTO-2024-11-06-15-37-54.jpg\" data-bg=\"f:contain;\" data-no-retina>\n<!---->\t\t\t\t\t\t<\/rs-slide>\n\t\t\t\t\t\t<rs-slide style=\"position: absolute;\" data-key=\"rs-236\" data-title=\"Slide\" data-thumb=\"\/\/meadowfield.eu\/wp-content\/uploads\/2025\/01\/WhatsApp-Bild-2024-12-15-um-21.49.50_5f628fe5-320x200.jpg\" data-in=\"o:0;\" data-out=\"a:false;\">\n\t\t\t\t\t\t\t<img decoding=\"async\" src=\"\/\/meadowfield.eu\/wp-content\/plugins\/revslider\/public\/assets\/assets\/dummy.png\" alt=\"\" title=\"koolie_myka\" class=\"rev-slidebg tp-rs-img rs-lazyload\" data-lazyload=\"\/\/meadowfield.eu\/wp-content\/uploads\/2025\/01\/WhatsApp-Bild-2024-12-15-um-21.49.50_5f628fe5.jpg\" data-no-retina>\n<!---->\t\t\t\t\t\t<\/rs-slide>\n\t\t\t\t\t\t<rs-slide style=\"position: absolute;\" data-key=\"rs-238\" data-title=\"Slide\" data-thumb=\"\/\/meadowfield.eu\/wp-content\/uploads\/2025\/01\/WhatsApp-Bild-2024-12-15-um-21.49.51_ea0a3b93-320x200.jpg\" data-in=\"o:0;\" data-out=\"a:false;\">\n\t\t\t\t\t\t\t<img decoding=\"async\" src=\"\/\/meadowfield.eu\/wp-content\/plugins\/revslider\/public\/assets\/assets\/dummy.png\" alt=\"\" title=\"koolie_myka\" class=\"rev-slidebg tp-rs-img rs-lazyload\" data-lazyload=\"\/\/meadowfield.eu\/wp-content\/uploads\/2025\/01\/WhatsApp-Bild-2024-12-15-um-21.49.51_ea0a3b93.jpg\" data-no-retina>\n<!---->\t\t\t\t\t\t<\/rs-slide>\n\t\t\t\t\t\t<rs-slide style=\"position: absolute;\" data-key=\"rs-237\" data-title=\"Slide\" data-thumb=\"\/\/meadowfield.eu\/wp-content\/uploads\/2025\/01\/WhatsApp-Bild-2024-12-15-um-21.49.50_a29beb36-320x200.jpg\" data-in=\"o:0;\" data-out=\"a:false;\">\n\t\t\t\t\t\t\t<img decoding=\"async\" src=\"\/\/meadowfield.eu\/wp-content\/plugins\/revslider\/public\/assets\/assets\/dummy.png\" alt=\"\" title=\"koolie_myka\" class=\"rev-slidebg tp-rs-img rs-lazyload\" data-lazyload=\"\/\/meadowfield.eu\/wp-content\/uploads\/2025\/01\/WhatsApp-Bild-2024-12-15-um-21.49.50_a29beb36.jpg\" data-no-retina>\n<!---->\t\t\t\t\t\t<\/rs-slide>\n\t\t\t\t\t<\/rs-slides>\n\t\t\t\t\t<rs-static-layers><!--\n\t\t\t\t\t--><\/rs-static-layers>\n\t\t\t\t<\/rs-module>\n\t\t\t\t<script>\n\t\t\t\t\tsetREVStartSize({c: 'rev_slider_23_1',rl:[1240,1024,778,480],el:[550],gw:[960],gh:[550],type:'standard',justify:'',layout:'fullwidth',thumbh:\"90\",mh:\"0\"});if (window.RS_MODULES!==undefined && window.RS_MODULES.modules!==undefined && window.RS_MODULES.modules[\"revslider231\"]!==undefined) {window.RS_MODULES.modules[\"revslider231\"].once = false;window.revapi23 = undefined;if (window.RS_MODULES.checkMinimal!==undefined) window.RS_MODULES.checkMinimal()}\n\t\t\t\t<\/script>\n\t\t\t<\/rs-module-wrap>\n\t\t\t<!-- END REVOLUTION SLIDER -->\n<\/div><\/div><\/div><\/div><\/div><div class=\"fusion-fullwidth fullwidth-box fusion-builder-row-2 fusion-flex-container nonhundred-percent-fullwidth non-hundred-percent-height-scrolling\" style=\"--awb-background-position:left top;--awb-border-radius-top-left:0px;--awb-border-radius-top-right:0px;--awb-border-radius-bottom-right:0px;--awb-border-radius-bottom-left:0px;--awb-padding-top:20px;--awb-padding-bottom:20px;--awb-border-sizes-top:0px;--awb-border-sizes-bottom:0px;--awb-flex-wrap:wrap;\" ><div class=\"fusion-builder-row fusion-row fusion-flex-align-items-flex-start fusion-flex-content-wrap\" style=\"max-width:1144px;margin-left: calc(-4% \/ 2 );margin-right: calc(-4% \/ 2 );\"><div class=\"fusion-layout-column fusion_builder_column fusion-builder-column-1 fusion_builder_column_2_3 2_3 fusion-flex-column\" style=\"--awb-bg-size:cover;--awb-width-large:66.666666666667%;--awb-margin-top-large:0px;--awb-spacing-right-large:3.84%;--awb-margin-bottom-large:20px;--awb-spacing-left-large:2.88%;--awb-width-medium:66.666666666667%;--awb-spacing-right-medium:3.84%;--awb-spacing-left-medium:2.88%;--awb-width-small:100%;--awb-spacing-right-small:1.92%;--awb-spacing-left-small:1.92%;\"><div class=\"fusion-column-wrapper fusion-flex-justify-content-flex-start fusion-content-layout-column\"><div class=\"fusion-text fusion-text-1\"><p><strong>MEADOWFIELD MYKA, geb. 12.10.2021<\/strong><\/p>\n<div id=\"AppleMailSignature\" dir=\"ltr\">Myka ist eine freundliche und verspielte H\u00fcndin, die immer ein L\u00e4cheln auf die Gesichter der Menschen zaubert. Mit ihrer hohen Aufmerksamkeit und ihrem ausgepr\u00e4gten &#8222;will to please&#8220; lernt sie schnell was man von ihr m\u00f6chte. Sie l\u00e4sst sich prima \u00fcber Futter und Spielzeug motivieren und reagiert feinf\u00fchlig auf K\u00f6rpersprache und Stimme. Sie arbeitet selbst auch viel mit ihrer K\u00f6rpersprache und tats\u00e4chlich mit ihrer Mimik, sodass man sie auch sehr gut lesen kann.<\/div>\n<div id=\"AppleMailSignature\" dir=\"ltr\">Sie unterscheidet sehr gut zwischen Arbeit und \u201eprivat\u201c .<\/div>\n<div id=\"AppleMailSignature\" dir=\"ltr\">Im Alltag ist sie gerne etwas sensibler, was man ihr in ihrem \u201eArbeitsmodus\u201c nicht anmerkt. Da ist sie konzentriert, mutig und l\u00e4sst sich nicht beirren. Sie ist dabei aber nie kopflos.<\/div>\n<div id=\"AppleMailSignature\" dir=\"ltr\"><\/div>\n<div id=\"AppleMailSignature\" dir=\"ltr\">Myka hat eine feine Nase und ist in der Rettungshundearbeit (Fl\u00e4chensuche) \u00e4u\u00dferst talentiert. Dabei zeigt sie Mut, arbeitet selbstst\u00e4ndig und bleibt dennoch stets ein Teamplayer. Sie ist stra\u00dfensicher und in den meisten F\u00e4llen unbeeindruckt von L\u00e4rm.<\/div>\n<div id=\"AppleMailSignature\" dir=\"ltr\"><\/div>\n<div id=\"AppleMailSignature\" dir=\"ltr\">Sie genie\u00dft sowohl actionreiche Tage als auch entspannte Wochenenden auf dem Sofa. Da genie\u00dft sie dann auch ausgiebiges kuscheln. Mit ihrem mittleren Energielevel findet sie die perfekte Balance zwischen Aktivit\u00e4t und Entspannung.<\/div>\n<div id=\"AppleMailSignature\" dir=\"ltr\">Myka schl\u00e4gt schnell an, wenn jemand am Haus ist.<\/div>\n<div id=\"AppleMailSignature\" dir=\"ltr\">Im Auto f\u00e4hrt sie gerne mit und kann sich w\u00e4hrend der Fahrt gut entspannen.<\/div>\n<div id=\"AppleMailSignature\" dir=\"ltr\"><\/div>\n<div id=\"AppleMailSignature\" dir=\"ltr\">Fremden gegen\u00fcber kann Myka anfangs unsicher sein, aber sobald sie Vertrauen gefasst hat, schlie\u00dft sie sehr schnell Freundschaften.<\/div>\n<div id=\"AppleMailSignature\" dir=\"ltr\">Sie versteht sich gut mit anderen Hunden, egal ob H\u00fcndin oder R\u00fcde. Wenn sie keinen Kontakt m\u00f6chte, macht sie einen Bogen oder ignoriert die anderen Hunde meist.<\/div>\n<div id=\"AppleMailSignature\" dir=\"ltr\"><\/div>\n<div id=\"AppleMailSignature\" dir=\"ltr\">Myka ist wirklich schnell und wendig, wodurch sie auch im Agility sehr gut aufgehoben w\u00e4re. An kleinen \u00dcbungen aus diesem Bereich hat sie auch gro\u00dfe Freude. \u00a0Rassetypisch zeigt sie auch einen ausgepr\u00e4gten H\u00fctetrieb, den wir jedoch bisher nicht gef\u00f6rdert haben, da wir uns auf die Rettungsarbeit konzentrieren.<\/div>\n<div id=\"AppleMailSignature\" dir=\"ltr\">Sie orientiert sich immer gut an ihrer Familie und mag auch Kinder gern. Sie ist eine loyale und verl\u00e4ssliche Begleiterin.<\/div>\n<div id=\"AppleMailSignature\" dir=\"ltr\"><\/div>\n<div id=\"AppleMailSignature\" dir=\"ltr\"><\/div>\n<div id=\"AppleMailSignature\" dir=\"ltr\">Futtermittelunvertr\u00e4glichkeiten hat Myka keine und mag eigentlich fast alles.<\/div>\n<div id=\"AppleMailSignature\" dir=\"ltr\"><\/div>\n<div id=\"AppleMailSignature\" dir=\"ltr\">Mit ihrer Vielseitigkeit und ihrem liebenswerten Wesen ist Myka ein echter Schatz und eine tolle Begleiterin in allen Lebenslagen. \ud83d\udc3e was kann ich noch sagen? Sie hat ein fable f\u00fcr Halsb\u00e4nder, Geschirre mag sie nicht so gern \ud83d\ude04<\/div>\n<div id=\"AppleMailSignature\" dir=\"ltr\">Sonst kann ich nur noch sagen, dass sie ein unfassbar toller Hund ist und wir lieben sie einfach unglaublich \ud83e\udd70<\/div>\n<p>Myka ist HD\/ED\/OCD ger\u00f6ntgt ohne Befund, sie hat den Wisdom Panel Genscreen und tr\u00e4gt keine aktuell testbare Erbkrankheit bis auf eine Kopie DM.<br \/>\nHeight: 50 cm<br \/>\nGewicht: 17 Kg<\/p>\n<\/div><\/div><\/div><div class=\"fusion-layout-column fusion_builder_column fusion-builder-column-2 fusion_builder_column_1_3 1_3 fusion-flex-column\" style=\"--awb-bg-size:cover;--awb-width-large:33.333333333333%;--awb-margin-top-large:0px;--awb-spacing-right-large:5.76%;--awb-margin-bottom-large:20px;--awb-spacing-left-large:3.84%;--awb-width-medium:33.333333333333%;--awb-spacing-right-medium:5.76%;--awb-spacing-left-medium:3.84%;--awb-width-small:100%;--awb-spacing-right-small:1.92%;--awb-spacing-left-small:1.92%;\"><div class=\"fusion-column-wrapper fusion-flex-justify-content-flex-start fusion-content-layout-column\"><div class=\"fusion-content-boxes content-boxes columns row fusion-columns-1 fusion-columns-total-1 fusion-content-boxes-1 content-boxes-icon-on-top content-left\" style=\"--awb-hover-accent-color:#ab8b65;--awb-circle-hover-accent-color:#ab8b65;--awb-item-margin-bottom:40px;\" data-animationoffset=\"top-into-view\"><div style=\"--awb-backgroundcolor:transparent;--awb-iconcolor:#3f3f3f;\" class=\"fusion-column content-box-column content-box-column content-box-column-1 col-lg-12 col-md-12 col-sm-12 fusion-content-box-hover content-box-column-last content-box-column-last-in-row\"><div class=\"col content-box-wrapper content-wrapper link-area-link-icon link-type-text content-icon-wrapper-yes icon-hover-animation-fade\" data-animationoffset=\"top-into-view\"><div class=\"heading heading-with-icon icon-left\"><a class=\"heading-link\" href=\"https:\/\/1drv.ms\/f\/s!Ain9nrBMuTK0gYpsx39gYYKtNgDW_Q?e=Hi8n6F\" target=\"_blank\" rel=\"noopener noreferrer\"><div class=\"icon\"><span style=\"height:42px;width:42px;line-height:22px;border-color:rgba(255,255,255,0);border-width:1px;border-style:solid;background-color:#3f3f3f;box-sizing:content-box;border-radius:50%;\"><i style=\"border-color:#3f3f3f;border-width:1px;background-color:#b3dbdd;box-sizing:content-box;height:40px;width:40px;line-height:40px;border-radius:50%;position:relative;top:auto;left:auto;margin:0;border-radius:50%;font-size:20px;\" aria-hidden=\"true\" class=\"fontawesome-icon fa-camera fas circle-yes\"><\/i><\/span><\/div><h2 class=\"content-box-heading\" style=\"--h2_typography-font-size:24px;line-height:29px;\">PHOTOS<\/h2><\/a><\/div><div class=\"fusion-clearfix\"><\/div><div class=\"content-container\">\n<p><a href=\"https:\/\/1drv.ms\/f\/s!Ain9nrBMuTK0gYpsx39gYYKtNgDW_Q?e=cONQBu\"><img decoding=\"async\" class=\"alignnone wp-image-1874 size-full\" src=\"https:\/\/meadowfield.eu\/wp-content\/uploads\/2025\/01\/PHOTO-2024-11-06-15-37-54.jpg\" alt=\"\" width=\"1200\" height=\"1600\" srcset=\"https:\/\/meadowfield.eu\/wp-content\/uploads\/2025\/01\/PHOTO-2024-11-06-15-37-54-9x12.jpg 9w, https:\/\/meadowfield.eu\/wp-content\/uploads\/2025\/01\/PHOTO-2024-11-06-15-37-54-200x267.jpg 200w, https:\/\/meadowfield.eu\/wp-content\/uploads\/2025\/01\/PHOTO-2024-11-06-15-37-54-225x300.jpg 225w, https:\/\/meadowfield.eu\/wp-content\/uploads\/2025\/01\/PHOTO-2024-11-06-15-37-54-400x533.jpg 400w, https:\/\/meadowfield.eu\/wp-content\/uploads\/2025\/01\/PHOTO-2024-11-06-15-37-54-600x800.jpg 600w, https:\/\/meadowfield.eu\/wp-content\/uploads\/2025\/01\/PHOTO-2024-11-06-15-37-54-768x1024.jpg 768w, https:\/\/meadowfield.eu\/wp-content\/uploads\/2025\/01\/PHOTO-2024-11-06-15-37-54-800x1067.jpg 800w, https:\/\/meadowfield.eu\/wp-content\/uploads\/2025\/01\/PHOTO-2024-11-06-15-37-54-1152x1536.jpg 1152w, https:\/\/meadowfield.eu\/wp-content\/uploads\/2025\/01\/PHOTO-2024-11-06-15-37-54.jpg 1200w\" sizes=\"(max-width: 1200px) 100vw, 1200px\" \/><\/a><\/p>\n<\/div><\/div><\/div><div class=\"fusion-clearfix\"><\/div><\/div><\/div><\/div><\/div><\/div><\/p>","protected":false},"excerpt":{"rendered":"","protected":false},"author":3,"featured_media":0,"parent":0,"menu_order":0,"comment_status":"closed","ping_status":"closed","template":"100-width.php","meta":{"_acf_changed":false,"footnotes":""},"class_list":["post-1869","page","type-page","status-publish","hentry"],"acf":[],"aioseo_notices":[],"_links":{"self":[{"href":"https:\/\/meadowfield.eu\/english\/wp-json\/wp\/v2\/pages\/1869","targetHints":{"allow":["GET"]}}],"collection":[{"href":"https:\/\/meadowfield.eu\/english\/wp-json\/wp\/v2\/pages"}],"about":[{"href":"https:\/\/meadowfield.eu\/english\/wp-json\/wp\/v2\/types\/page"}],"author":[{"embeddable":true,"href":"https:\/\/meadowfield.eu\/english\/wp-json\/wp\/v2\/users\/3"}],"replies":[{"embeddable":true,"href":"https:\/\/meadowfield.eu\/english\/wp-json\/wp\/v2\/comments?post=1869"}],"version-history":[{"count":6,"href":"https:\/\/meadowfield.eu\/english\/wp-json\/wp\/v2\/pages\/1869\/revisions"}],"predecessor-version":[{"id":1892,"href":"https:\/\/meadowfield.eu\/english\/wp-json\/wp\/v2\/pages\/1869\/revisions\/1892"}],"wp:attachment":[{"href":"https:\/\/meadowfield.eu\/english\/wp-json\/wp\/v2\/media?parent=1869"}],"curies":[{"name":"wp","href":"https:\/\/api.w.org\/{rel}","templated":true}]}}