{"id":1887,"date":"2025-01-03T16:19:54","date_gmt":"2025-01-03T14:19:54","guid":{"rendered":"https:\/\/meadowfield.eu\/?page_id=1887"},"modified":"2025-01-05T12:22:48","modified_gmt":"2025-01-05T10:22:48","slug":"koolie-zilla","status":"publish","type":"page","link":"https:\/\/meadowfield.eu\/english\/koolie-zilla\/","title":{"rendered":"koolie zilla"},"content":{"rendered":"<p><div class=\"fusion-fullwidth fullwidth-box fusion-builder-row-1 fusion-flex-container has-pattern-background has-mask-background nonhundred-percent-fullwidth non-hundred-percent-height-scrolling\" style=\"--awb-border-radius-top-left:0px;--awb-border-radius-top-right:0px;--awb-border-radius-bottom-right:0px;--awb-border-radius-bottom-left:0px;--awb-flex-wrap:wrap;\" ><div class=\"fusion-builder-row fusion-row fusion-flex-align-items-flex-start fusion-flex-content-wrap\" style=\"max-width:1144px;margin-left: calc(-4% \/ 2 );margin-right: calc(-4% \/ 2 );\"><div class=\"fusion-layout-column fusion_builder_column fusion-builder-column-0 fusion_builder_column_1_1 1_1 fusion-flex-column\" style=\"--awb-bg-size:cover;--awb-width-large:100%;--awb-margin-top-large:0px;--awb-spacing-right-large:1.92%;--awb-margin-bottom-large:20px;--awb-spacing-left-large:1.92%;--awb-width-medium:100%;--awb-order-medium:0;--awb-spacing-right-medium:1.92%;--awb-spacing-left-medium:1.92%;--awb-width-small:100%;--awb-order-small:0;--awb-spacing-right-small:1.92%;--awb-spacing-left-small:1.92%;\"><div class=\"fusion-column-wrapper fusion-column-has-shadow fusion-flex-justify-content-flex-start fusion-content-layout-column\">\n<div class=\"fusion-slider-revolution rev_slider_wrapper\">\t\t\t<!-- START Zilla REVOLUTION SLIDER 6.6.5 --><p class=\"rs-p-wp-fix\"><\/p>\n\t\t\t<rs-module-wrap id=\"rev_slider_24_1_wrapper\" data-source=\"gallery\" style=\"visibility:hidden;background:#E9E9E9;padding:0;margin:0px auto;margin-top:0;margin-bottom:100;\">\n\t\t\t\t<rs-module id=\"rev_slider_24_1\" style=\"\" data-version=\"6.6.5\">\n\t\t\t\t\t<rs-slides style=\"overflow: hidden; position: absolute;\">\n\t\t\t\t\t\t<rs-slide style=\"position: absolute;\" data-key=\"rs-245\" data-title=\"Slide\" data-thumb=\"\/\/meadowfield.eu\/wp-content\/uploads\/2025\/01\/WhatsApp-Bild-2025-01-02-um-17.34.45_415cf0d3-1-320x200.jpg\" data-in=\"o:0;\" data-out=\"a:false;\">\n\t\t\t\t\t\t\t<img decoding=\"async\" src=\"\/\/meadowfield.eu\/wp-content\/plugins\/revslider\/public\/assets\/assets\/dummy.png\" alt=\"\" title=\"koolie zilla\" class=\"rev-slidebg tp-rs-img rs-lazyload\" data-lazyload=\"\/\/meadowfield.eu\/wp-content\/uploads\/2025\/01\/WhatsApp-Bild-2025-01-02-um-17.34.45_415cf0d3-1.jpg\" data-no-retina>\n<!---->\t\t\t\t\t\t<\/rs-slide>\n\t\t\t\t\t\t<rs-slide style=\"position: absolute;\" data-key=\"rs-247\" data-title=\"Slide\" data-thumb=\"\/\/meadowfield.eu\/wp-content\/uploads\/2025\/01\/20250103_140019548_iOS-320x200.jpg\" data-in=\"o:0;\" data-out=\"a:false;\">\n\t\t\t\t\t\t\t<img decoding=\"async\" src=\"\/\/meadowfield.eu\/wp-content\/plugins\/revslider\/public\/assets\/assets\/dummy.png\" alt=\"\" title=\"koolie zilla\" class=\"rev-slidebg tp-rs-img rs-lazyload\" data-lazyload=\"\/\/meadowfield.eu\/wp-content\/uploads\/2025\/01\/20250103_140019548_iOS.jpg\" data-no-retina>\n<!---->\t\t\t\t\t\t<\/rs-slide>\n\t\t\t\t\t\t<rs-slide style=\"position: absolute;\" data-key=\"rs-246\" data-title=\"Slide\" data-thumb=\"\/\/meadowfield.eu\/wp-content\/uploads\/2025\/01\/WhatsApp-Bild-2025-01-02-um-17.34.47_a2a319f0-1-320x200.jpg\" data-in=\"o:0;\" data-out=\"a:false;\">\n\t\t\t\t\t\t\t<img decoding=\"async\" src=\"\/\/meadowfield.eu\/wp-content\/plugins\/revslider\/public\/assets\/assets\/dummy.png\" alt=\"\" title=\"koolie zilla\" class=\"rev-slidebg tp-rs-img rs-lazyload\" data-lazyload=\"\/\/meadowfield.eu\/wp-content\/uploads\/2025\/01\/WhatsApp-Bild-2025-01-02-um-17.34.47_a2a319f0-1.jpg\" data-no-retina>\n<!---->\t\t\t\t\t\t<\/rs-slide>\n\t\t\t\t\t\t<rs-slide style=\"position: absolute;\" data-key=\"rs-248\" data-title=\"Slide\" data-thumb=\"\/\/meadowfield.eu\/wp-content\/uploads\/2025\/01\/20250103_140017277_iOS-320x200.jpg\" data-in=\"o:0;\" data-out=\"a:false;\">\n\t\t\t\t\t\t\t<img decoding=\"async\" src=\"\/\/meadowfield.eu\/wp-content\/plugins\/revslider\/public\/assets\/assets\/dummy.png\" alt=\"\" title=\"koolie zilla\" class=\"rev-slidebg tp-rs-img rs-lazyload\" data-lazyload=\"\/\/meadowfield.eu\/wp-content\/uploads\/2025\/01\/20250103_140017277_iOS.jpg\" data-no-retina>\n<!---->\t\t\t\t\t\t<\/rs-slide>\n\t\t\t\t\t<\/rs-slides>\n\t\t\t\t\t<rs-static-layers><!--\n\t\t\t\t\t--><\/rs-static-layers>\n\t\t\t\t<\/rs-module>\n\t\t\t\t<script>\n\t\t\t\t\tsetREVStartSize({c: 'rev_slider_24_1',rl:[1240,1024,778,480],el:[550],gw:[960],gh:[550],type:'standard',justify:'',layout:'fullwidth',thumbh:\"90\",mh:\"0\"});if (window.RS_MODULES!==undefined && window.RS_MODULES.modules!==undefined && window.RS_MODULES.modules[\"revslider241\"]!==undefined) {window.RS_MODULES.modules[\"revslider241\"].once = false;window.revapi24 = undefined;if (window.RS_MODULES.checkMinimal!==undefined) window.RS_MODULES.checkMinimal()}\n\t\t\t\t<\/script>\n\t\t\t<\/rs-module-wrap>\n\t\t\t<!-- END REVOLUTION SLIDER -->\n<\/div><\/div><\/div><\/div><\/div><div class=\"fusion-fullwidth fullwidth-box fusion-builder-row-2 fusion-flex-container nonhundred-percent-fullwidth non-hundred-percent-height-scrolling\" style=\"--awb-background-position:left top;--awb-border-radius-top-left:0px;--awb-border-radius-top-right:0px;--awb-border-radius-bottom-right:0px;--awb-border-radius-bottom-left:0px;--awb-padding-top:20px;--awb-padding-bottom:20px;--awb-border-sizes-top:0px;--awb-border-sizes-bottom:0px;--awb-flex-wrap:wrap;\" ><div class=\"fusion-builder-row fusion-row fusion-flex-align-items-flex-start fusion-flex-content-wrap\" style=\"max-width:1144px;margin-left: calc(-4% \/ 2 );margin-right: calc(-4% \/ 2 );\"><div class=\"fusion-layout-column fusion_builder_column fusion-builder-column-1 fusion_builder_column_2_3 2_3 fusion-flex-column\" style=\"--awb-bg-size:cover;--awb-width-large:66.666666666667%;--awb-margin-top-large:0px;--awb-spacing-right-large:3.84%;--awb-margin-bottom-large:20px;--awb-spacing-left-large:2.88%;--awb-width-medium:66.666666666667%;--awb-spacing-right-medium:3.84%;--awb-spacing-left-medium:2.88%;--awb-width-small:100%;--awb-spacing-right-small:1.92%;--awb-spacing-left-small:1.92%;\"><div class=\"fusion-column-wrapper fusion-flex-justify-content-flex-start fusion-content-layout-column\"><div class=\"fusion-text fusion-text-1\"><p><strong>MEADOWFIELD ZILLA, geb. 19.08.2023<\/strong><\/p>\n<p>Wir haben Zilla aus unserem Wurf aus Splash und Robin behalten, weil sie sich uns als Welpe au\u00dferordentlich vielversprechend in Sachen Temperament, Herz &lt;3 und Geb\u00e4udeentwicklung gezeigt hat. Sie wird dieses Jahr 2 und hat sich selbst alle Ehre gemacht (((-: Zilla lebt bei Andrea in der Sch\u00e4ferei und entwickelt sich auch bei der Arbeit an den Schafen super.<\/p>\n<p>Zilla hat viel Dampf und kann sich zeitglich sehr gut selbst runterfahren, das lieben wir an unseren Koolies. Sie vertr\u00e4gt sich mit allem und jedem und Michelle kann ihr Aufwachsen aus n\u00e4chster N\u00e4he verfolgen, denn sie hilft dort oftmals aus.<\/p>\n<p>Zilla ist HD\/ED\/OCD ger\u00f6ntgt ohne Befund, Embark Genscreen steht noch aus<br \/>\nHeight: 50 cm<br \/>\nWeight: 18 Kg<\/p>\n<\/div><\/div><\/div><div class=\"fusion-layout-column fusion_builder_column fusion-builder-column-2 fusion_builder_column_1_3 1_3 fusion-flex-column\" style=\"--awb-bg-size:cover;--awb-width-large:33.333333333333%;--awb-margin-top-large:0px;--awb-spacing-right-large:5.76%;--awb-margin-bottom-large:20px;--awb-spacing-left-large:3.84%;--awb-width-medium:33.333333333333%;--awb-spacing-right-medium:5.76%;--awb-spacing-left-medium:3.84%;--awb-width-small:100%;--awb-spacing-right-small:1.92%;--awb-spacing-left-small:1.92%;\"><div class=\"fusion-column-wrapper fusion-flex-justify-content-flex-start fusion-content-layout-column\"><div class=\"fusion-content-boxes content-boxes columns row fusion-columns-1 fusion-columns-total-1 fusion-content-boxes-1 content-boxes-icon-on-top content-left\" style=\"--awb-hover-accent-color:#ab8b65;--awb-circle-hover-accent-color:#ab8b65;--awb-item-margin-bottom:40px;\" data-animationoffset=\"top-into-view\"><div style=\"--awb-backgroundcolor:transparent;--awb-iconcolor:#3f3f3f;\" class=\"fusion-column content-box-column content-box-column content-box-column-1 col-lg-12 col-md-12 col-sm-12 fusion-content-box-hover content-box-column-last content-box-column-last-in-row\"><div class=\"col content-box-wrapper content-wrapper link-area-link-icon link-type-text content-icon-wrapper-yes icon-hover-animation-fade\" data-animationoffset=\"top-into-view\"><div class=\"heading heading-with-icon icon-left\"><a class=\"heading-link\" href=\"https:\/\/1drv.ms\/f\/s!Ain9nrBMuTK0gYs8L9eiNgzwkD4Fow?e=UKCz4c\" target=\"_blank\" rel=\"noopener noreferrer\"><div class=\"icon\"><span style=\"height:42px;width:42px;line-height:22px;border-color:rgba(255,255,255,0);border-width:1px;border-style:solid;background-color:#3f3f3f;box-sizing:content-box;border-radius:50%;\"><i style=\"border-color:#3f3f3f;border-width:1px;background-color:#b3dbdd;box-sizing:content-box;height:40px;width:40px;line-height:40px;border-radius:50%;position:relative;top:auto;left:auto;margin:0;border-radius:50%;font-size:20px;\" aria-hidden=\"true\" class=\"fontawesome-icon fa-camera fas circle-yes\"><\/i><\/span><\/div><h2 class=\"content-box-heading\" style=\"--h2_typography-font-size:24px;line-height:29px;\">PHOTOS<\/h2><\/a><\/div><div class=\"fusion-clearfix\"><\/div><div class=\"content-container\">\n<p><a href=\"https:\/\/1drv.ms\/a\/s!Ain9nrBMuTK0qRvqF1BcqdMDkoYQ\"><img decoding=\"async\" class=\"alignnone wp-image-1886 size-full\" src=\"https:\/\/meadowfield.eu\/wp-content\/uploads\/2025\/01\/Kein-Titel-1920-\u00d7-1500-px-2300-\u00d7-1800-px-ff.png\" alt=\"\" width=\"1167\" height=\"1556\" srcset=\"https:\/\/meadowfield.eu\/wp-content\/uploads\/2025\/01\/Kein-Titel-1920-\u00d7-1500-px-2300-\u00d7-1800-px-ff-9x12.png 9w, https:\/\/meadowfield.eu\/wp-content\/uploads\/2025\/01\/Kein-Titel-1920-\u00d7-1500-px-2300-\u00d7-1800-px-ff-200x267.png 200w, https:\/\/meadowfield.eu\/wp-content\/uploads\/2025\/01\/Kein-Titel-1920-\u00d7-1500-px-2300-\u00d7-1800-px-ff-225x300.png 225w, https:\/\/meadowfield.eu\/wp-content\/uploads\/2025\/01\/Kein-Titel-1920-\u00d7-1500-px-2300-\u00d7-1800-px-ff-400x533.png 400w, https:\/\/meadowfield.eu\/wp-content\/uploads\/2025\/01\/Kein-Titel-1920-\u00d7-1500-px-2300-\u00d7-1800-px-ff-600x800.png 600w, https:\/\/meadowfield.eu\/wp-content\/uploads\/2025\/01\/Kein-Titel-1920-\u00d7-1500-px-2300-\u00d7-1800-px-ff-768x1024.png 768w, https:\/\/meadowfield.eu\/wp-content\/uploads\/2025\/01\/Kein-Titel-1920-\u00d7-1500-px-2300-\u00d7-1800-px-ff-800x1067.png 800w, https:\/\/meadowfield.eu\/wp-content\/uploads\/2025\/01\/Kein-Titel-1920-\u00d7-1500-px-2300-\u00d7-1800-px-ff-1152x1536.png 1152w, https:\/\/meadowfield.eu\/wp-content\/uploads\/2025\/01\/Kein-Titel-1920-\u00d7-1500-px-2300-\u00d7-1800-px-ff.png 1167w\" sizes=\"(max-width: 1167px) 100vw, 1167px\" \/><\/a><\/p>\n<\/div><\/div><\/div><div class=\"fusion-clearfix\"><\/div><\/div><\/div><\/div><\/div><\/div><\/p>","protected":false},"excerpt":{"rendered":"","protected":false},"author":3,"featured_media":0,"parent":0,"menu_order":0,"comment_status":"closed","ping_status":"closed","template":"100-width.php","meta":{"_acf_changed":false,"footnotes":""},"class_list":["post-1887","page","type-page","status-publish","hentry"],"acf":[],"aioseo_notices":[],"_links":{"self":[{"href":"https:\/\/meadowfield.eu\/english\/wp-json\/wp\/v2\/pages\/1887","targetHints":{"allow":["GET"]}}],"collection":[{"href":"https:\/\/meadowfield.eu\/english\/wp-json\/wp\/v2\/pages"}],"about":[{"href":"https:\/\/meadowfield.eu\/english\/wp-json\/wp\/v2\/types\/page"}],"author":[{"embeddable":true,"href":"https:\/\/meadowfield.eu\/english\/wp-json\/wp\/v2\/users\/3"}],"replies":[{"embeddable":true,"href":"https:\/\/meadowfield.eu\/english\/wp-json\/wp\/v2\/comments?post=1887"}],"version-history":[{"count":3,"href":"https:\/\/meadowfield.eu\/english\/wp-json\/wp\/v2\/pages\/1887\/revisions"}],"predecessor-version":[{"id":1902,"href":"https:\/\/meadowfield.eu\/english\/wp-json\/wp\/v2\/pages\/1887\/revisions\/1902"}],"wp:attachment":[{"href":"https:\/\/meadowfield.eu\/english\/wp-json\/wp\/v2\/media?parent=1887"}],"curies":[{"name":"wp","href":"https:\/\/api.w.org\/{rel}","templated":true}]}}