{"id":21,"date":"2014-03-03T14:46:47","date_gmt":"2014-03-03T12:46:47","guid":{"rendered":"http:\/\/meadowfield.eu\/?page_id=21"},"modified":"2025-07-29T13:25:51","modified_gmt":"2025-07-29T11:25:51","slug":"home","status":"publish","type":"page","link":"https:\/\/meadowfield.eu\/english\/","title":{"rendered":"Home"},"content":{"rendered":"<p><div class=\"fusion-fullwidth fullwidth-box fusion-builder-row-1 fusion-flex-container nonhundred-percent-fullwidth non-hundred-percent-height-scrolling\" style=\"--awb-border-radius-top-left:0px;--awb-border-radius-top-right:0px;--awb-border-radius-bottom-right:0px;--awb-border-radius-bottom-left:0px;--awb-padding-top:20px;--awb-flex-wrap:wrap;\" ><div class=\"fusion-builder-row fusion-row fusion-flex-align-items-flex-start fusion-flex-content-wrap\" style=\"max-width:1144px;margin-left: calc(-4% \/ 2 );margin-right: calc(-4% \/ 2 );\"><\/div><\/div><div class=\"fusion-fullwidth fullwidth-box fusion-builder-row-2 fusion-flex-container nonhundred-percent-fullwidth non-hundred-percent-height-scrolling\" style=\"--awb-border-radius-top-left:0px;--awb-border-radius-top-right:0px;--awb-border-radius-bottom-right:0px;--awb-border-radius-bottom-left:0px;--awb-padding-top:20px;--awb-padding-bottom:20px;--awb-background-color:#ffffff;--awb-flex-wrap:wrap;\" ><div class=\"fusion-builder-row fusion-row fusion-flex-align-items-flex-start fusion-flex-content-wrap\" style=\"max-width:1144px;margin-left: calc(-4% \/ 2 );margin-right: calc(-4% \/ 2 );\"><div class=\"fusion-layout-column fusion_builder_column fusion-builder-column-0 fusion_builder_column_1_1 1_1 fusion-flex-column\" style=\"--awb-bg-size:cover;--awb-width-large:100%;--awb-margin-top-large:0px;--awb-spacing-right-large:1.92%;--awb-margin-bottom-large:20px;--awb-spacing-left-large:1.92%;--awb-width-medium:100%;--awb-order-medium:0;--awb-spacing-right-medium:1.92%;--awb-spacing-left-medium:1.92%;--awb-width-small:100%;--awb-order-small:0;--awb-spacing-right-small:1.92%;--awb-spacing-left-small:1.92%;\"><div class=\"fusion-column-wrapper fusion-column-has-shadow fusion-flex-justify-content-flex-start fusion-content-layout-column\"><div class=\"fusion-text fusion-text-1\"><p>Seit 2014 z\u00fcchten wir Australian Koolies aus original importierten Eltern. Hierbei legen wir Wert auf das &#8222;gewisse Etwas&#8220; und haben uns das Ziel gesetzt gesunde Hunde mit einer ordentlichen Portion Arbeitsleistung zu z\u00fcchten, die dabei auch noch echte Blickf\u00e4nger sind. Unter <a title=\"Koolie\" href=\"https:\/\/meadowfield.eu\/english\/koolie-2\/\">KOOLIES<\/a> zeigen wir die Hunde, die sich in der Zucht befinden und zum gro\u00dfen Teil aus Australien importiert sind. Seit neuestem bereichert uns ein Import aus Kanada. Alle Hunde sind an H\u00fcfte, Ellbogen und Schulter ger\u00f6ntgt und auf s\u00e4mtliche Erbkrankheiten per Panel getestet. Welcher geplanter Wurf bei wem im In- und Ausland stattfindet, erfahrt ihr bei mir (Saskia) bzw. stelle ich dann auch gern weiteren Kontakt her.<\/p>\n<p>Alles begann mit Bex.<br \/>\n2009 kam er als erster Australian Koolie mit mir (Saskia) aus Australien nach Deutschland \u2013 W\u00e4re er nicht dieser wache, loyale, liebe, alberne, faire, souver\u00e4ne und f\u00e4hige Hund gewesen, der er immer war, h\u00e4tte ich wohl nicht vor Jahren begonnen Australien immer wieder heimzusuchen und nach tollen Koolies zu durchforsten. Es h\u00e4tte nie &#8222;Meadowfields&#8220; gegeben.<\/p>\n<p>Meadowfield ist l\u00e4ngst mehr als eine Zuchtst\u00e4tte \u2013 es ist ein Netzwerk, eine Gemeinschaft. \u00dcber Jahre gewachsen aus Begegnungen, Freundschaften und einer ordentlichen Portion Begeisterung f\u00fcr diese besondere Rasse. Heute arbeiten wir europaweit zusammen: Wir entwickeln Zuchtstrategien, forschen nach neuen Linien, importieren gezielt frisches Blut und suchen gemeinsam nach den besten neuen Zuhause f\u00fcr unsere Welpen.<\/p>\n<p data-start=\"1381\" data-end=\"1729\">Das Sch\u00f6nste daran? Die Vielfalt unserer Kompetenzen. Jede:r bringt etwas mit \u2013 Erfahrung, Vision, Wissen, Liebe zum Detail und allen voran Tatkraft. Und genau dadurch entstehen die Erfolge, auf die wir mit Stolz blicken. Unsere Koolie-Community ist \u00fcbrigens immer offen f\u00fcr neue Gesichter \u2013 wer mit Herz, Verstand und Begeisterung dabei sein will, ist herzlich willkommen.<\/p>\n<p>Mittlerweile d\u00fcrfen wir uns dar\u00fcber freuen unsere Nachzucht international zuhause zu wissen und erfreuen uns daran, dass sie ihre Menschen in den verschiedensten Bereichen der H\u00fctearbeit und des Hundesports bereichern.<\/p>\n<p style=\"text-align: center;\">Unsere Hunde sind beim Koolie Club Australia (KCA), der Working Koolie Association Australia Inc. (WKAA) sowie der German Coolie World Registry (GCWR) registriert. Unsere Welpen werden beim Koolie Club Australia (KCA) registriert und bekommen waschechte Papieren aus Australien.<\/p>\n<p style=\"text-align: center;\">Wir w\u00fcnschen viel Spa\u00df beim St\u00f6bern durch die Seiten!<\/p>\n<\/div><\/div><\/div><div class=\"fusion-layout-column fusion_builder_column fusion-builder-column-1 fusion_builder_column_1_6 1_6 fusion-flex-column\" style=\"--awb-bg-size:cover;--awb-width-large:16.666666666667%;--awb-margin-top-large:0px;--awb-spacing-right-large:11.52%;--awb-margin-bottom-large:20px;--awb-spacing-left-large:11.52%;--awb-width-medium:16.666666666667%;--awb-order-medium:0;--awb-spacing-right-medium:11.52%;--awb-spacing-left-medium:11.52%;--awb-width-small:100%;--awb-order-small:0;--awb-spacing-right-small:1.92%;--awb-spacing-left-small:1.92%;\"><div class=\"fusion-column-wrapper fusion-column-has-shadow fusion-flex-justify-content-flex-start fusion-content-layout-column\"><\/div><\/div><div class=\"fusion-layout-column fusion_builder_column fusion-builder-column-2 fusion_builder_column_1_3 1_3 fusion-flex-column\" style=\"--awb-bg-size:cover;--awb-width-large:33.333333333333%;--awb-margin-top-large:0px;--awb-spacing-right-large:5.76%;--awb-margin-bottom-large:20px;--awb-spacing-left-large:5.76%;--awb-width-medium:33.333333333333%;--awb-order-medium:0;--awb-spacing-right-medium:5.76%;--awb-spacing-left-medium:5.76%;--awb-width-small:100%;--awb-order-small:0;--awb-spacing-right-small:1.92%;--awb-spacing-left-small:1.92%;\"><div class=\"fusion-column-wrapper fusion-column-has-shadow fusion-flex-justify-content-center fusion-content-layout-row\"><div style=\"text-align:right;\"><a class=\"fusion-button button-flat fusion-button-default-size button-default fusion-button-default button-1 fusion-button-default-span\" style=\"--button_text_transform:uppercase;\" target=\"_self\" href=\"https:\/\/meadowfield.eu\/english\/koolie\/\"><span class=\"fusion-button-text awb-button__text awb-button__text--default\">Our Koolies<\/span><\/a><\/div><\/div><\/div><div class=\"fusion-layout-column fusion_builder_column fusion-builder-column-3 fusion_builder_column_1_3 1_3 fusion-flex-column\" style=\"--awb-bg-size:cover;--awb-width-large:33.333333333333%;--awb-margin-top-large:0px;--awb-spacing-right-large:5.76%;--awb-margin-bottom-large:20px;--awb-spacing-left-large:5.76%;--awb-width-medium:33.333333333333%;--awb-order-medium:0;--awb-spacing-right-medium:5.76%;--awb-spacing-left-medium:5.76%;--awb-width-small:100%;--awb-order-small:0;--awb-spacing-right-small:1.92%;--awb-spacing-left-small:1.92%;\"><div class=\"fusion-column-wrapper fusion-column-has-shadow fusion-flex-justify-content-center fusion-content-layout-row\"><div style=\"text-align:right;\"><a class=\"fusion-button button-flat fusion-button-default-size button-default fusion-button-default button-2 fusion-button-default-span\" style=\"--button_text_transform:uppercase;\" target=\"_self\" href=\"https:\/\/www.facebook.com\/groups\/meadowfieldkoolies\"><span class=\"fusion-button-text awb-button__text awb-button__text--default\">Facebook<\/span><\/a><\/div><\/div><\/div><div class=\"fusion-layout-column fusion_builder_column fusion-builder-column-4 fusion_builder_column_1_6 1_6 fusion-flex-column\" style=\"--awb-bg-size:cover;--awb-width-large:16.666666666667%;--awb-margin-top-large:0px;--awb-spacing-right-large:11.52%;--awb-margin-bottom-large:20px;--awb-spacing-left-large:11.52%;--awb-width-medium:16.666666666667%;--awb-order-medium:0;--awb-spacing-right-medium:11.52%;--awb-spacing-left-medium:11.52%;--awb-width-small:100%;--awb-order-small:0;--awb-spacing-right-small:1.92%;--awb-spacing-left-small:1.92%;\"><div class=\"fusion-column-wrapper fusion-column-has-shadow fusion-flex-justify-content-flex-start fusion-content-layout-column\"><\/div><\/div><\/div><\/div><div class=\"fusion-fullwidth fullwidth-box fusion-builder-row-3 fusion-flex-container nonhundred-percent-fullwidth non-hundred-percent-height-scrolling\" style=\"--awb-border-radius-top-left:0px;--awb-border-radius-top-right:0px;--awb-border-radius-bottom-right:0px;--awb-border-radius-bottom-left:0px;--awb-margin-top:20px;--awb-flex-wrap:wrap;\" ><div class=\"fusion-builder-row fusion-row fusion-flex-align-items-flex-start fusion-flex-content-wrap\" style=\"max-width:1144px;margin-left: calc(-4% \/ 2 );margin-right: calc(-4% \/ 2 );\"><div class=\"fusion-layout-column fusion_builder_column fusion-builder-column-5 fusion_builder_column_1_1 1_1 fusion-flex-column\" style=\"--awb-bg-size:cover;--awb-width-large:100%;--awb-margin-top-large:0px;--awb-spacing-right-large:1.92%;--awb-margin-bottom-large:20px;--awb-spacing-left-large:1.92%;--awb-width-medium:100%;--awb-order-medium:0;--awb-spacing-right-medium:1.92%;--awb-spacing-left-medium:1.92%;--awb-width-small:100%;--awb-order-small:0;--awb-spacing-right-small:1.92%;--awb-spacing-left-small:1.92%;\"><div class=\"fusion-column-wrapper fusion-column-has-shadow fusion-flex-justify-content-flex-start fusion-content-layout-column\"><div class=\"fusion-image-element\" style=\"--awb-caption-title-font-family:var(--h2_typography-font-family);--awb-caption-title-font-weight:var(--h2_typography-font-weight);--awb-caption-title-font-style:var(--h2_typography-font-style);--awb-caption-title-size:var(--h2_typography-font-size);--awb-caption-title-transform:var(--h2_typography-text-transform);--awb-caption-title-line-height:var(--h2_typography-line-height);--awb-caption-title-letter-spacing:var(--h2_typography-letter-spacing);\"><span class=\"fusion-imageframe imageframe-none imageframe-1 hover-type-none\"><a class=\"fusion-no-lightbox\" href=\"https:\/\/meadowfield.eu\/english\/koolie\/\" target=\"_self\" aria-label=\"step0001 (1)neu\"><img decoding=\"async\" width=\"1024\" height=\"695\" src=\"http:\/\/meadowfield.eu\/wp-content\/uploads\/2014\/03\/step0001-1neu-1024x695.png\" alt class=\"img-responsive wp-image-1151\" srcset=\"https:\/\/meadowfield.eu\/wp-content\/uploads\/2014\/03\/step0001-1neu-300x204.png 300w, https:\/\/meadowfield.eu\/wp-content\/uploads\/2014\/03\/step0001-1neu.png 1024w\" sizes=\"(max-width: 1024px) 100vw, 1024px\" \/><\/a><\/span><\/div><\/div><\/div><\/div><\/div><\/p>","protected":false},"excerpt":{"rendered":"","protected":false},"author":2,"featured_media":0,"parent":0,"menu_order":0,"comment_status":"open","ping_status":"open","template":"100-width.php","meta":{"_acf_changed":false,"footnotes":""},"class_list":["post-21","page","type-page","status-publish","hentry"],"acf":[],"aioseo_notices":[],"_links":{"self":[{"href":"https:\/\/meadowfield.eu\/english\/wp-json\/wp\/v2\/pages\/21","targetHints":{"allow":["GET"]}}],"collection":[{"href":"https:\/\/meadowfield.eu\/english\/wp-json\/wp\/v2\/pages"}],"about":[{"href":"https:\/\/meadowfield.eu\/english\/wp-json\/wp\/v2\/types\/page"}],"author":[{"embeddable":true,"href":"https:\/\/meadowfield.eu\/english\/wp-json\/wp\/v2\/users\/2"}],"replies":[{"embeddable":true,"href":"https:\/\/meadowfield.eu\/english\/wp-json\/wp\/v2\/comments?post=21"}],"version-history":[{"count":191,"href":"https:\/\/meadowfield.eu\/english\/wp-json\/wp\/v2\/pages\/21\/revisions"}],"predecessor-version":[{"id":2060,"href":"https:\/\/meadowfield.eu\/english\/wp-json\/wp\/v2\/pages\/21\/revisions\/2060"}],"wp:attachment":[{"href":"https:\/\/meadowfield.eu\/english\/wp-json\/wp\/v2\/media?parent=21"}],"curies":[{"name":"wp","href":"https:\/\/api.w.org\/{rel}","templated":true}]}}