{"id":2123,"date":"2026-01-24T10:43:34","date_gmt":"2026-01-24T08:43:34","guid":{"rendered":"https:\/\/meadowfield.eu\/?page_id=2123"},"modified":"2026-02-06T16:14:14","modified_gmt":"2026-02-06T14:14:14","slug":"australiankoolie_gettogether","status":"publish","type":"page","link":"https:\/\/meadowfield.eu\/english\/australiankoolie_gettogether\/","title":{"rendered":"australiankoolie_gettogether"},"content":{"rendered":"<p><div class=\"fusion-fullwidth fullwidth-box fusion-builder-row-1 fusion-flex-container has-pattern-background has-mask-background nonhundred-percent-fullwidth non-hundred-percent-height-scrolling\" style=\"--awb-border-radius-top-left:0px;--awb-border-radius-top-right:0px;--awb-border-radius-bottom-right:0px;--awb-border-radius-bottom-left:0px;--awb-flex-wrap:wrap;\" ><div class=\"fusion-builder-row fusion-row fusion-flex-align-items-flex-start fusion-flex-content-wrap\" style=\"max-width:1144px;margin-left: calc(-4% \/ 2 );margin-right: calc(-4% \/ 2 );\"><div class=\"fusion-layout-column fusion_builder_column fusion-builder-column-0 fusion_builder_column_1_1 1_1 fusion-flex-column\" style=\"--awb-bg-size:cover;--awb-width-large:100%;--awb-margin-top-large:0px;--awb-spacing-right-large:1.92%;--awb-margin-bottom-large:20px;--awb-spacing-left-large:1.92%;--awb-width-medium:100%;--awb-order-medium:0;--awb-spacing-right-medium:1.92%;--awb-spacing-left-medium:1.92%;--awb-width-small:100%;--awb-order-small:0;--awb-spacing-right-small:1.92%;--awb-spacing-left-small:1.92%;\"><div class=\"fusion-column-wrapper fusion-column-has-shadow fusion-flex-justify-content-flex-start fusion-content-layout-column\"><div class=\"fusion-separator fusion-full-width-sep\" style=\"align-self: center;margin-left: auto;margin-right: auto;flex-grow:3;margin-top:40px;margin-bottom:40px;width:100%;\"><div class=\"fusion-separator-border sep-double\" style=\"--awb-height:20px;--awb-amount:20px;border-color:#e0dede;border-top-width:1px;border-bottom-width:1px;\"><\/div><\/div><\/div><\/div><\/div><\/div><div class=\"fusion-fullwidth fullwidth-box fusion-builder-row-2 fusion-flex-container has-pattern-background has-mask-background nonhundred-percent-fullwidth non-hundred-percent-height-scrolling\" style=\"--awb-border-radius-top-left:0px;--awb-border-radius-top-right:0px;--awb-border-radius-bottom-right:0px;--awb-border-radius-bottom-left:0px;--awb-flex-wrap:wrap;\" ><div class=\"fusion-builder-row fusion-row fusion-flex-align-items-flex-start fusion-flex-content-wrap\" style=\"max-width:1144px;margin-left: calc(-4% \/ 2 );margin-right: calc(-4% \/ 2 );\"><div class=\"fusion-layout-column fusion_builder_column fusion-builder-column-1 fusion_builder_column_1_1 1_1 fusion-flex-column\" style=\"--awb-bg-size:cover;--awb-width-large:100%;--awb-margin-top-large:0px;--awb-spacing-right-large:1.92%;--awb-margin-bottom-large:20px;--awb-spacing-left-large:1.92%;--awb-width-medium:100%;--awb-order-medium:0;--awb-spacing-right-medium:1.92%;--awb-spacing-left-medium:1.92%;--awb-width-small:100%;--awb-order-small:0;--awb-spacing-right-small:1.92%;--awb-spacing-left-small:1.92%;\"><div class=\"fusion-column-wrapper fusion-column-has-shadow fusion-flex-justify-content-flex-start fusion-content-layout-column\"><div class=\"fusion-text fusion-text-1\"><p>Moin liebe Leute,<\/p>\n<p>l\u00e4ngst \u00fcberf\u00e4llig ist es dieses Jahr seit einigen Jahren mal wieder soweit, dass wir ein Koolie-Treffen veranstalten m\u00f6chten und wir sind mindestens genauso gespannt wie ihr <span class=\"x19la9d6 x1fc57z9 x6ikm8r x10wlt62 x19co3pv x11tp94h xfibh0p xiy17q3 x1xsqp64 x1lkfr7t xexx8yu xyri2b x18d9i69 x1c1uobl\"><span class=\"xrtxmta x1bhl96m\">\ud83e\udd73<\/span><\/span><\/p>\n<p data-start=\"85\" data-end=\"158\">Am Samstag, den 20.06, ca. 10 Uhr, machen wir die Tore auf \u2013 Vorfreude inklusive! <span class=\"x19la9d6 x1fc57z9 x6ikm8r x10wlt62 x19co3pv x11tp94h xfibh0p xiy17q3 x1xsqp64 x1lkfr7t xexx8yu xyri2b x18d9i69 x1c1uobl\"><span class=\"xrtxmta x1bhl96m\">\ud83e\udd29<\/span><\/span><\/p>\n<p data-start=\"160\" data-end=\"407\">Wir haben rund 10.000 m\u00b2 Areal f\u00fcr Mensch und Hund \u2013 verteilt auf unser Gel\u00e4nde plus Grundst\u00fcck unserer sehr hundelieben Nachbarn <span class=\"x19la9d6 x1fc57z9 x6ikm8r x10wlt62 x19co3pv x11tp94h xfibh0p xiy17q3 x1xsqp64 x1lkfr7t xexx8yu xyri2b x18d9i69 x1c1uobl\"><span class=\"xrtxmta x1bhl96m\">\u263a\ufe0f<\/span><\/span> Es wird ein Wochenende zum Austauschen, Mitmachen, Zuschauen oder einfach zum Dabeisein. Und wir alle m\u00f6chten uns nat\u00fcrlich an der wundersch\u00f6nen und spannenden Vielfalt unserer Koolies erfreuen. Hierzu sei gesagt, dass nat\u00fcrlich auch Koolies aus anderen Zuchten von Herzen willkommen sind!<\/p>\n<p>Auf dem Gel\u00e4nde gilt Leinenpflicht, damit es f\u00fcr alle stressfrei bleibt. Direkt ab Hof gibt es zus\u00e4tzlich ein Freilaufgebiet bzw. eine kleine Gassistrecke.<\/p>\n<p>Workshops gibt\u2019s auch: H\u00fcten, Frisbee, Zughundesport und Scent Detection &#8211; anmelden dazu k\u00f6nnt ihr euch auf dem Formular, dann stellen wir Kontakt zu den Trainern her. (60 \u20ac \/ Team)<\/p>\n<p><span data-start=\"1171\" data-end=\"1194\">Es wird <\/span>Essensm\u00f6glichkeiten (und Getr\u00e4nke) geben. Zus\u00e4tzlich k\u00f6nnt ihr ein kleines privates Shooting f\u00fcr eure Hunde bei Lea Heldt buchen. Wie viele von euch wissen macht sie hervorragende Fotos und Videos.<\/p>\n<p data-start=\"160\" data-end=\"407\">Warum zwei Tage? Ganz einfach: Viele reisen von weiter weg an. Und da wollen wir kein Durchgehetze, sondern einfach eine gute Zeit bieten.<\/p>\n<p>Grober Ablauf:<br \/>\n<strong><em>Samstag<br \/>\n<\/em><\/strong>Ab 10 Uhr Eintrudeln<br \/>\nWorkshops ab 11 Uhr<br \/>\n15 Uhr Hundewettrennen mit Preisen<\/p>\n<p>Abends Lagerfeuer<\/p>\n<p data-start=\"160\" data-end=\"407\"><strong><em>Sonntag<\/em><\/strong><br \/>\nWeitere M\u00f6glichkeit H\u00fctetraining<br \/>\nPrivate Fotoshoots Lea<\/p>\n<\/div><\/div><\/div><div class=\"fusion-layout-column fusion_builder_column fusion-builder-column-2 fusion_builder_column_1_1 1_1 fusion-flex-column\" style=\"--awb-bg-size:cover;--awb-width-large:100%;--awb-margin-top-large:0px;--awb-spacing-right-large:1.92%;--awb-margin-bottom-large:20px;--awb-spacing-left-large:1.92%;--awb-width-medium:100%;--awb-order-medium:0;--awb-spacing-right-medium:1.92%;--awb-spacing-left-medium:1.92%;--awb-width-small:100%;--awb-order-small:0;--awb-spacing-right-small:1.92%;--awb-spacing-left-small:1.92%;\"><div class=\"fusion-column-wrapper fusion-column-has-shadow fusion-flex-justify-content-flex-start fusion-content-layout-column\"><div class=\"fusion-text fusion-text-2\"><p>Solltest ihr vorab oder im Verlauf fragen haben, funkt uns gern via WhatsApp oder Email an \ud83d\ude42<\/p>\n<\/div><div class=\"fusion-social-links fusion-social-links-1\" style=\"--awb-margin-top:0px;--awb-margin-right:0px;--awb-margin-bottom:0px;--awb-margin-left:0px;--awb-alignment:center;--awb-box-border-top:0px;--awb-box-border-right:0px;--awb-box-border-bottom:0px;--awb-box-border-left:0px;--awb-icon-colors-hover:rgba(190,189,189,0.8);--awb-box-colors-hover:rgba(232,232,232,0.8);--awb-box-border-color:var(--awb-color3);--awb-box-border-color-hover:var(--awb-color4);\"><div class=\"fusion-social-networks color-type-custom\"><div class=\"fusion-social-networks-wrapper\"><a class=\"fusion-social-network-icon fusion-tooltip fusion-mail awb-icon-mail\" style=\"color:#bebdbd;font-size:16px;\" data-placement=\"top\" data-title=\"Email\" data-toggle=\"tooltip\" title=\"Email\" aria-label=\"mail\" target=\"_blank\" rel=\"noopener noreferrer\" href=\"mailto:i&#110;&#102;o&#064;&#109;&#101;&#097;d&#111;&#119;f&#105;e&#108;&#100;.&#101;&#117;\"><\/a><a class=\"fusion-social-network-icon fusion-tooltip fusion-whatsapp awb-icon-whatsapp\" style=\"color:#bebdbd;font-size:16px;\" data-placement=\"top\" data-title=\"WhatsApp\" data-toggle=\"tooltip\" title=\"WhatsApp\" aria-label=\"whatsapp\" target=\"_blank\" rel=\"noopener noreferrer\" href=\"https:\/\/wa.me\/message\/BSXRAWDC24VJL1\"><\/a><\/div><\/div><\/div><\/div><\/div><\/div><\/div><div class=\"fusion-fullwidth fullwidth-box fusion-builder-row-3 fusion-flex-container has-pattern-background has-mask-background nonhundred-percent-fullwidth non-hundred-percent-height-scrolling\" style=\"--awb-border-radius-top-left:0px;--awb-border-radius-top-right:0px;--awb-border-radius-bottom-right:0px;--awb-border-radius-bottom-left:0px;--awb-flex-wrap:wrap;\" ><div class=\"fusion-builder-row fusion-row fusion-flex-align-items-flex-start fusion-flex-content-wrap\" style=\"max-width:1144px;margin-left: calc(-4% \/ 2 );margin-right: calc(-4% \/ 2 );\"><div class=\"fusion-layout-column fusion_builder_column fusion-builder-column-3 fusion_builder_column_1_1 1_1 fusion-flex-column\" style=\"--awb-bg-size:cover;--awb-width-large:100%;--awb-margin-top-large:0px;--awb-spacing-right-large:1.92%;--awb-margin-bottom-large:20px;--awb-spacing-left-large:1.92%;--awb-width-medium:100%;--awb-order-medium:0;--awb-spacing-right-medium:1.92%;--awb-spacing-left-medium:1.92%;--awb-width-small:100%;--awb-order-small:0;--awb-spacing-right-small:1.92%;--awb-spacing-left-small:1.92%;\"><div class=\"fusion-column-wrapper fusion-column-has-shadow fusion-flex-justify-content-flex-start fusion-content-layout-column\"><div class=\"fusion-text fusion-text-3\"><script type=\"text\/javascript\" src=\"\/\/www.jotform.com\/jsform\/260194035693055?redirect=1\"><\/script>\n<\/div><\/div><\/div><\/div><\/div><\/p>","protected":false},"excerpt":{"rendered":"","protected":false},"author":3,"featured_media":0,"parent":0,"menu_order":0,"comment_status":"closed","ping_status":"closed","template":"","meta":{"_acf_changed":false,"footnotes":""},"class_list":["post-2123","page","type-page","status-publish","hentry"],"acf":[],"aioseo_notices":[],"_links":{"self":[{"href":"https:\/\/meadowfield.eu\/english\/wp-json\/wp\/v2\/pages\/2123","targetHints":{"allow":["GET"]}}],"collection":[{"href":"https:\/\/meadowfield.eu\/english\/wp-json\/wp\/v2\/pages"}],"about":[{"href":"https:\/\/meadowfield.eu\/english\/wp-json\/wp\/v2\/types\/page"}],"author":[{"embeddable":true,"href":"https:\/\/meadowfield.eu\/english\/wp-json\/wp\/v2\/users\/3"}],"replies":[{"embeddable":true,"href":"https:\/\/meadowfield.eu\/english\/wp-json\/wp\/v2\/comments?post=2123"}],"version-history":[{"count":10,"href":"https:\/\/meadowfield.eu\/english\/wp-json\/wp\/v2\/pages\/2123\/revisions"}],"predecessor-version":[{"id":2155,"href":"https:\/\/meadowfield.eu\/english\/wp-json\/wp\/v2\/pages\/2123\/revisions\/2155"}],"wp:attachment":[{"href":"https:\/\/meadowfield.eu\/english\/wp-json\/wp\/v2\/media?parent=2123"}],"curies":[{"name":"wp","href":"https:\/\/api.w.org\/{rel}","templated":true}]}}