{"id":984,"date":"2018-02-12T05:11:56","date_gmt":"2018-02-12T03:11:56","guid":{"rendered":"http:\/\/meadowfield.eu\/?page_id=984"},"modified":"2023-03-27T14:31:25","modified_gmt":"2023-03-27T12:31:25","slug":"about","status":"publish","type":"page","link":"https:\/\/meadowfield.eu\/english\/about\/","title":{"rendered":"about"},"content":{"rendered":"<p><div class=\"fusion-fullwidth fullwidth-box fusion-builder-row-1 fusion-flex-container hundred-percent-fullwidth non-hundred-percent-height-scrolling\" style=\"--awb-border-radius-top-left:0px;--awb-border-radius-top-right:0px;--awb-border-radius-bottom-right:0px;--awb-border-radius-bottom-left:0px;--awb-overflow:visible;--awb-padding-right:20px;--awb-padding-left:20px;--awb-margin-bottom:35px;--awb-background-color:rgba(255,255,255,0);--awb-flex-wrap:wrap;\" ><div class=\"fusion-builder-row fusion-row fusion-flex-align-items-flex-start fusion-flex-content-wrap\" style=\"width:104% !important;max-width:104% !important;margin-left: calc(-4% \/ 2 );margin-right: calc(-4% \/ 2 );\"><div class=\"fusion-layout-column fusion_builder_column fusion-builder-column-0 fusion_builder_column_1_1 1_1 fusion-flex-column fusion-flex-align-self-flex-start fusion-column-no-min-height\" style=\"--awb-bg-blend:overlay;--awb-bg-size:cover;--awb-width-large:100%;--awb-margin-top-large:0px;--awb-spacing-right-large:1.92%;--awb-margin-bottom-large:0px;--awb-spacing-left-large:1.92%;--awb-width-medium:100%;--awb-spacing-right-medium:1.92%;--awb-spacing-left-medium:1.92%;--awb-width-small:100%;--awb-spacing-right-small:1.92%;--awb-spacing-left-small:1.92%;\"><div class=\"fusion-column-wrapper fusion-flex-justify-content-flex-start fusion-content-layout-column\"><div class=\"fusion-separator fusion-full-width-sep\" style=\"align-self: center;margin-left: auto;margin-right: auto;width:100%;\"><div class=\"fusion-separator-border sep-shadow\" style=\"--awb-height:20px;--awb-amount:20px;--awb-sep-color:#dddddd;background:radial-gradient(ellipse at 50% -50% , #dddddd 0px, rgba(255, 255, 255, 0) 80%) repeat scroll 0 0 rgba(0, 0, 0, 0);background:-webkit-radial-gradient(ellipse at 50% -50% , #dddddd 0px, rgba(255, 255, 255, 0) 80%) repeat scroll 0 0 rgba(0, 0, 0, 0);background:-moz-radial-gradient(ellipse at 50% -50% , #dddddd 0px, rgba(255, 255, 255, 0) 80%) repeat scroll 0 0 rgba(0, 0, 0, 0);background:-o-radial-gradient(ellipse at 50% -50% , #dddddd 0px, rgba(255, 255, 255, 0) 80%) repeat scroll 0 0 rgba(0, 0, 0, 0);\"><\/div><\/div><\/div><\/div><\/div><\/div>\n<div class=\"fusion-fullwidth fullwidth-box fusion-builder-row-2 fusion-flex-container hundred-percent-fullwidth non-hundred-percent-height-scrolling\" style=\"--awb-border-radius-top-left:0px;--awb-border-radius-top-right:0px;--awb-border-radius-bottom-right:0px;--awb-border-radius-bottom-left:0px;--awb-overflow:visible;--awb-flex-wrap:wrap;\" ><div class=\"fusion-builder-row fusion-row fusion-flex-align-items-flex-start fusion-flex-content-wrap\" style=\"width:104% !important;max-width:104% !important;margin-left: calc(-4% \/ 2 );margin-right: calc(-4% \/ 2 );\"><div class=\"fusion-layout-column fusion_builder_column fusion-builder-column-1 fusion_builder_column_1_2 1_2 fusion-flex-column\" style=\"--awb-bg-size:cover;--awb-width-large:50%;--awb-margin-top-large:0px;--awb-spacing-right-large:3.84%;--awb-margin-bottom-large:20px;--awb-spacing-left-large:3.84%;--awb-width-medium:50%;--awb-spacing-right-medium:3.84%;--awb-spacing-left-medium:3.84%;--awb-width-small:100%;--awb-spacing-right-small:1.92%;--awb-spacing-left-small:1.92%;\"><div class=\"fusion-column-wrapper fusion-flex-justify-content-flex-start fusion-content-layout-column\"><div class=\"fusion-image-element\" style=\"text-align:center;--awb-bottom-shadow-color:rgba(0,0,0,0.4);--awb-caption-title-font-family:var(--h2_typography-font-family);--awb-caption-title-font-weight:var(--h2_typography-font-weight);--awb-caption-title-font-style:var(--h2_typography-font-style);--awb-caption-title-size:var(--h2_typography-font-size);--awb-caption-title-transform:var(--h2_typography-text-transform);--awb-caption-title-line-height:var(--h2_typography-line-height);--awb-caption-title-letter-spacing:var(--h2_typography-letter-spacing);\"><div class=\"awb-image-frame awb-image-frame-1 awb-bottomshadow\"><span class=\"fusion-imageframe imageframe-bottomshadow imageframe-1 hover-type-none\"><img decoding=\"async\" src=\"http:\/\/meadowfield.eu\/wp-content\/uploads\/2018\/02\/sassiupkl-1024x615.jpg\" alt class=\"img-responsive\"\/><\/span><svg xmlns=\"http:\/\/www.w3.org\/2000\/svg\" version=\"1.1\" width=\"100%\" viewbox=\"0 0 600 28\" preserveaspectratio=\"none\"><g clip-path=\"url(#a)\"><mask id=\"b\" style=\"mask-type:luminance\" maskunits=\"userSpaceOnUse\" x=\"0\" y=\"0\" width=\"600\" height=\"28\"><path d=\"M0 0h600v28H0V0Z\" fill=\"#fff\"\/><\/mask><g filter=\"url(#c)\" mask=\"url(#b)\"><path d=\"M16.439-18.667h567.123v30.8S438.961-8.4 300-8.4C161.04-8.4 16.438 12.133 16.438 12.133v-30.8Z\" fill=\"#000\"\/><\/g><\/g><defs><clippath id=\"a\"><path fill=\"#fff\" d=\"M0 0h600v28H0z\"\/><\/clippath><filter id=\"c\" x=\"5.438\" y=\"-29.667\" width=\"589.123\" height=\"52.8\" filterunits=\"userSpaceOnUse\" color-interpolation-filters=\"sRGB\"><feflood flood-opacity=\"0\" result=\"BackgroundImageFix\"\/><feblend in=\"SourceGraphic\" in2=\"BackgroundImageFix\" result=\"shape\"\/><fegaussianblur stddeviation=\"5.5\" result=\"effect1_foregroundBlur_3983_183\"\/><\/filter><\/defs><\/svg><\/div><\/div><div class=\"fusion-separator fusion-full-width-sep\" style=\"align-self: center;margin-left: auto;margin-right: auto;margin-top:20px;margin-bottom:20px;width:100%;\"><\/div><div class=\"fusion-text fusion-text-1\"><p>Saskia, Gr\u00fcnderin der Meadowfield-Familie<br \/>\nHundeerzieher- und Verhaltensberaterin IHK\/BHV, Verwaltungsfachangestellte, Weltenbummlerin<\/p>\n<p>Alles begann mit der TV-Serie McLeods-T\u00f6chter und es ist 13 Jahre her, dass ich mich entschied ein Jahr in Australien zu leben. Dort arbeitete ich auf verschiedenen Schaf- und Rinderfarmen, wo ich dann auch das erste Mal \u00fcber Koolies gestolpert bin. Eine Schaffarm hatte 4 Koolie-Mitarbeiter und es f\u00fchrte kein Weg drum herum, dass ich mich nach einigen Wochen schwerst verliebt auf Forschungsreise zu Linien, Arbeitsweisen und Z\u00fcchtern begab.<br \/>\nIch\u00a0hatte riesiges Gl\u00fcck und konnte in 2009 \u00fcber einige Ecken und tausende Kilometer Bex ausfindig machen. Er begleitete mich seit er 11 Wochen alt war noch einige Monate durch Australien bis wir schlie\u00dflich nach Deutschland geflogen sind.<\/p>\n<p>Seitdem war ich einige weitere Male in Australien, kann man nichts gegen machen. Ich darf mich gl\u00fccklich sch\u00e4tzen, dort in all den Jahren wertvolle Freunde gewonnen zu haben und viele verschiedene\u00a0 Linien, Wesen und Geb\u00e4ude der Koolies kennen gelernt zu haben.<\/p>\n<p>Ich musste Bex im Mai 2022 gehen lassen und das sitzt tief, zur Zeit lebe ich daher ganz ohne Hund und lasse kommen, was kommt.<\/p>\n<\/div><\/div><\/div><div class=\"fusion-layout-column fusion_builder_column fusion-builder-column-2 fusion_builder_column_1_2 1_2 fusion-flex-column\" style=\"--awb-bg-size:cover;--awb-width-large:50%;--awb-margin-top-large:0px;--awb-spacing-right-large:3.84%;--awb-margin-bottom-large:20px;--awb-spacing-left-large:3.84%;--awb-width-medium:50%;--awb-spacing-right-medium:3.84%;--awb-spacing-left-medium:3.84%;--awb-width-small:100%;--awb-spacing-right-small:1.92%;--awb-spacing-left-small:1.92%;\"><div class=\"fusion-column-wrapper fusion-flex-justify-content-flex-start fusion-content-layout-column\"><div class=\"fusion-image-element\" style=\"text-align:center;--awb-bottom-shadow-color:rgba(0,0,0,0.4);--awb-caption-title-font-family:var(--h2_typography-font-family);--awb-caption-title-font-weight:var(--h2_typography-font-weight);--awb-caption-title-font-style:var(--h2_typography-font-style);--awb-caption-title-size:var(--h2_typography-font-size);--awb-caption-title-transform:var(--h2_typography-text-transform);--awb-caption-title-line-height:var(--h2_typography-line-height);--awb-caption-title-letter-spacing:var(--h2_typography-letter-spacing);\"><div class=\"awb-image-frame awb-image-frame-2 awb-bottomshadow\"><span class=\"fusion-imageframe imageframe-bottomshadow imageframe-2 hover-type-none\"><img decoding=\"async\" src=\"http:\/\/meadowfield.eu\/wp-content\/uploads\/2018\/02\/michelleupkl-1024x616.jpg\" alt class=\"img-responsive\"\/><\/span><svg xmlns=\"http:\/\/www.w3.org\/2000\/svg\" version=\"1.1\" width=\"100%\" viewbox=\"0 0 600 28\" preserveaspectratio=\"none\"><g clip-path=\"url(#a)\"><mask id=\"b\" style=\"mask-type:luminance\" maskunits=\"userSpaceOnUse\" x=\"0\" y=\"0\" width=\"600\" height=\"28\"><path d=\"M0 0h600v28H0V0Z\" fill=\"#fff\"\/><\/mask><g filter=\"url(#c)\" mask=\"url(#b)\"><path d=\"M16.439-18.667h567.123v30.8S438.961-8.4 300-8.4C161.04-8.4 16.438 12.133 16.438 12.133v-30.8Z\" fill=\"#000\"\/><\/g><\/g><defs><clippath id=\"a\"><path fill=\"#fff\" d=\"M0 0h600v28H0z\"\/><\/clippath><filter id=\"c\" x=\"5.438\" y=\"-29.667\" width=\"589.123\" height=\"52.8\" filterunits=\"userSpaceOnUse\" color-interpolation-filters=\"sRGB\"><feflood flood-opacity=\"0\" result=\"BackgroundImageFix\"\/><feblend in=\"SourceGraphic\" in2=\"BackgroundImageFix\" result=\"shape\"\/><fegaussianblur stddeviation=\"5.5\" result=\"effect1_foregroundBlur_3983_183\"\/><\/filter><\/defs><\/svg><\/div><\/div><div class=\"fusion-separator fusion-full-width-sep\" style=\"align-self: center;margin-left: auto;margin-right: auto;margin-top:20px;margin-bottom:20px;width:100%;\"><\/div><div class=\"fusion-text fusion-text-2\"><p>Michelle, Sch\u00e4ferin &amp; Mutter<\/p>\n<p>Ich bin seit 2012 gelernte Tierwirtin Fachrichtung Schafhaltung, also Sch\u00e4ferin mit ganz viel Liebe zum Tier.<br \/>\nWir haben knappe 500 Mutterschafe in unserer Wandersch\u00e4ferei und h\u00fcten diese 365 Tage im Jahr. Vorwiegend haben wir altdeutsche H\u00fctehunde.\u00a0Ich bilde regelm\u00e4\u00dfig Junghunde zu richtigen H\u00fctehunden aus.<\/p>\n<p>Die Koolies faszinierten mich schon lange. Doch f\u00fcr eine Reise nach Australien, haperte es immer an Zeit und Geld. Nun legte ich meinen Wunsch, diese faszinierende Rasse irgendwann mal mein eigenen nennen zu k\u00f6nnen, beiseite. Jahre vergingen. In 2015 kreuzten sich Saskias und meine Wege und wir waren sofort auf einer Wellenl\u00e4nge.<\/p>\n<p>Mittlerweile geh\u00f6ren 2 Zuckerschnuten zu mir: Hollie und Splash.<\/p>\n<p>Ich bin unendlich dankbar f\u00fcr diese tolle Aufgabe, jeder Welpe hat ein St\u00fcckchen meines Herzens.\u00a0Wir freuen uns wahnsinnig auf die Zukunft und dar\u00fcber, diese genialen Hunde in dem Job zu gebrauchen, f\u00fcr den sie gebacken wurden.<\/p>\n<\/div><\/div><\/div><div class=\"fusion-layout-column fusion_builder_column fusion-builder-column-3 fusion_builder_column_1_2 1_2 fusion-flex-column\" style=\"--awb-bg-size:cover;--awb-width-large:50%;--awb-margin-top-large:0px;--awb-spacing-right-large:3.84%;--awb-margin-bottom-large:20px;--awb-spacing-left-large:3.84%;--awb-width-medium:50%;--awb-spacing-right-medium:3.84%;--awb-spacing-left-medium:3.84%;--awb-width-small:100%;--awb-spacing-right-small:1.92%;--awb-spacing-left-small:1.92%;\"><div class=\"fusion-column-wrapper fusion-flex-justify-content-flex-start fusion-content-layout-column\"><div class=\"fusion-image-element\" style=\"text-align:center;--awb-bottom-shadow-color:rgba(0,0,0,0.4);--awb-caption-title-font-family:var(--h2_typography-font-family);--awb-caption-title-font-weight:var(--h2_typography-font-weight);--awb-caption-title-font-style:var(--h2_typography-font-style);--awb-caption-title-size:var(--h2_typography-font-size);--awb-caption-title-transform:var(--h2_typography-text-transform);--awb-caption-title-line-height:var(--h2_typography-line-height);--awb-caption-title-letter-spacing:var(--h2_typography-letter-spacing);\"><div class=\"awb-image-frame awb-image-frame-3 awb-bottomshadow\"><span class=\"fusion-imageframe imageframe-bottomshadow imageframe-3 hover-type-none\"><img decoding=\"async\" width=\"400\" height=\"687\" title=\"KineTilli\" src=\"https:\/\/meadowfield.eu\/wp-content\/uploads\/2022\/09\/KineTilli-400x687.jpeg\" alt class=\"img-responsive wp-image-1661\" srcset=\"https:\/\/meadowfield.eu\/wp-content\/uploads\/2022\/09\/KineTilli-200x344.jpeg 200w, https:\/\/meadowfield.eu\/wp-content\/uploads\/2022\/09\/KineTilli-400x687.jpeg 400w, https:\/\/meadowfield.eu\/wp-content\/uploads\/2022\/09\/KineTilli-600x1031.jpeg 600w, https:\/\/meadowfield.eu\/wp-content\/uploads\/2022\/09\/KineTilli.jpeg 745w\" sizes=\"(max-width: 640px) 100vw, 600px\" \/><\/span><svg xmlns=\"http:\/\/www.w3.org\/2000\/svg\" version=\"1.1\" width=\"100%\" viewbox=\"0 0 600 28\" preserveaspectratio=\"none\"><g clip-path=\"url(#a)\"><mask id=\"b\" style=\"mask-type:luminance\" maskunits=\"userSpaceOnUse\" x=\"0\" y=\"0\" width=\"600\" height=\"28\"><path d=\"M0 0h600v28H0V0Z\" fill=\"#fff\"\/><\/mask><g filter=\"url(#c)\" mask=\"url(#b)\"><path d=\"M16.439-18.667h567.123v30.8S438.961-8.4 300-8.4C161.04-8.4 16.438 12.133 16.438 12.133v-30.8Z\" fill=\"#000\"\/><\/g><\/g><defs><clippath id=\"a\"><path fill=\"#fff\" d=\"M0 0h600v28H0z\"\/><\/clippath><filter id=\"c\" x=\"5.438\" y=\"-29.667\" width=\"589.123\" height=\"52.8\" filterunits=\"userSpaceOnUse\" color-interpolation-filters=\"sRGB\"><feflood flood-opacity=\"0\" result=\"BackgroundImageFix\"\/><feblend in=\"SourceGraphic\" in2=\"BackgroundImageFix\" result=\"shape\"\/><fegaussianblur stddeviation=\"5.5\" result=\"effect1_foregroundBlur_3983_183\"\/><\/filter><\/defs><\/svg><\/div><\/div><div class=\"fusion-separator fusion-full-width-sep\" style=\"align-self: center;margin-left: auto;margin-right: auto;margin-top:20px;margin-bottom:20px;width:100%;\"><\/div><div class=\"fusion-text fusion-text-3\"><p>Kine, veteranian technician, hobby farmerin, mommey &amp; wife<\/p>\n<p><span id=\"page2R_mcid1\" class=\"markedContent\"><span dir=\"ltr\" role=\"presentation\">My journey with this amazing breed started with seeing a koolie on tv in 2014. I was curious about the<\/span><br role=\"presentation\" \/><span dir=\"ltr\" role=\"presentation\">breed and contacted a breeder in Australia who again led me to Saskia. Saskia has imported the first Koolie to Germany in 2009. With a bit of help I<\/span><span dir=\"ltr\" role=\"presentation\">\u00a0ended up with Tilli. She really was a firecracker as a puppy.<\/span><br role=\"presentation\" \/><span dir=\"ltr\" role=\"presentation\">Keeping me on my toes for sure. But after puppy hood with lots of frustration and lots of work,<\/span><br role=\"presentation\" \/><span dir=\"ltr\" role=\"presentation\">she ended up being the perfect dog.<\/span><\/span><span id=\"page2R_mcid2\" class=\"markedContent\"><br role=\"presentation\" \/><span dir=\"ltr\" role=\"presentation\">I contacted Saskia and was wondering what she felt about breeding Tilli. She liked the<\/span><br role=\"presentation\" \/><span dir=\"ltr\" role=\"presentation\">idea. After some hick-upsin the beginning, Tilli ended up having a litter in 2021. 10 healthy<\/span><br role=\"presentation\" \/><span dir=\"ltr\" role=\"presentation\">puppies, a big surprise for us all.<\/span><span dir=\"ltr\" role=\"presentation\">\u00a0<\/span><\/span><span id=\"page2R_mcid3\" class=\"markedContent\"><br role=\"presentation\" \/><span dir=\"ltr\" role=\"presentation\">I now have two crazy koolies, Tilli and Spirit (who we call Bailey at home). They help me and my<\/span><br role=\"presentation\" \/><span dir=\"ltr\" role=\"presentation\">family out here at our little farm. We have sheep, geese, chickens, bunnies, turkeys, cats and a<\/span><br role=\"presentation\" \/><span dir=\"ltr\" role=\"presentation\">dachshund named Ludvig.<\/span><\/span><span id=\"page2R_mcid4\" class=\"markedContent\"><br role=\"presentation\" \/><span dir=\"ltr\" role=\"presentation\">From my background as a veterinary technician, both mental and physical health of the dogs are<\/span><br role=\"presentation\" \/><span dir=\"ltr\" role=\"presentation\">so important to me. Keeping the breed healthy in every way is a main focus. That and also giving<\/span><br role=\"presentation\" \/><span dir=\"ltr\" role=\"presentation\">the puppies the best start on their live through socialization, introduction to things, people (young<\/span><br role=\"presentation\" \/><span dir=\"ltr\" role=\"presentation\">and adult), other animals, and letting them explore new places, is something I strive to carry out<\/span><br role=\"presentation\" \/><span dir=\"ltr\" role=\"presentation\">with every litter staying with me. I really hope this shows when the puppies goes to their new<\/span><br role=\"presentation\" \/><span dir=\"ltr\" role=\"presentation\">homes.<\/span><\/span><span id=\"page2R_mcid5\" class=\"markedContent\"><br role=\"presentation\" \/><span dir=\"ltr\" role=\"presentation\">If you have any questions about me, the dogs in my care or the puppy process please contact<\/span><br role=\"presentation\" \/><span dir=\"ltr\" role=\"presentation\">me. Im happy to answer your questions to the best of my knowledge.<\/span><\/span><\/p>\n<\/div><\/div><\/div><div class=\"fusion-layout-column fusion_builder_column fusion-builder-column-4 fusion_builder_column_1_1 1_1 fusion-flex-column fusion-flex-align-self-flex-start fusion-column-no-min-height\" style=\"--awb-bg-size:cover;--awb-width-large:100%;--awb-margin-top-large:0px;--awb-spacing-right-large:1.92%;--awb-margin-bottom-large:0px;--awb-spacing-left-large:1.92%;--awb-width-medium:100%;--awb-spacing-right-medium:1.92%;--awb-spacing-left-medium:1.92%;--awb-width-small:100%;--awb-spacing-right-small:1.92%;--awb-spacing-left-small:1.92%;\"><div class=\"fusion-column-wrapper fusion-flex-justify-content-flex-start fusion-content-layout-column\"><div class=\"fusion-reading-box-container reading-box-container-1\" style=\"--awb-title-color:#333333;--awb-margin-top:0px;--awb-margin-bottom:20px;\"><div class=\"reading-box\" style=\"background-color:#f6f6f6;border-width:1px;border-color:#f6f6f6;border-top-width:3px;border-top-color:var(--primary_color);border-style:solid;\"><div class=\"reading-box-additional\">Ich m\u00f6chte ausdr\u00fccklich davor warnen einen Hund aus Australien ungesehen zu importieren. Egal, wie gut der Webauftritt mancher dortiger Z\u00fcchter erscheint, es gibt einige schwarze Schafe und leider einige Importeure, die sich ihren Koolie anders vorgestellt hatten. Dazu ist die Aufzucht in Australien im Allgemeinen nicht so, wie wir Europ\u00e4er sie uns vielleicht vorstellen.<br \/>\nMan sollte wirklich fest auf Fotos\/Videos\/Test- und R\u00f6ntgenergebnisse beider Elterntiere und besser noch mehr Verwandten bestehen.<\/p>\n<p>Die Rasse liegt uns sehr am Herzen und es ist uns ungemein wichtig einen hohen Koolie-Standard in Sachen Gesundheit und Charakter zu wahren und einen reichhaltigen Genpool aufzubauen. Nur dann k\u00f6nnen wir viele viele Jahre mit diesen au\u00dfergew\u00f6hnlichen Hunden verbringen. Es gibt ein kleines Netzwerk Gleichgesinnter in Europa, gern gebe ich Infos und Kontakte weiter. Nat\u00fcrlich kann ich auch mit Kontakten nach Australien helfen.<\/div><div class=\"fusion-clearfix\"><\/div><\/div><\/div><div class=\"fusion-separator fusion-full-width-sep\" style=\"align-self: center;margin-left: auto;margin-right: auto;width:100%;\"><\/div><div class=\"fusion-text fusion-text-4\"><\/div><\/div><\/div><\/div><\/div><\/p>","protected":false},"excerpt":{"rendered":"","protected":false},"author":3,"featured_media":0,"parent":0,"menu_order":0,"comment_status":"open","ping_status":"open","template":"","meta":{"_acf_changed":false,"footnotes":""},"class_list":["post-984","page","type-page","status-publish","hentry"],"acf":[],"aioseo_notices":[],"_links":{"self":[{"href":"https:\/\/meadowfield.eu\/english\/wp-json\/wp\/v2\/pages\/984","targetHints":{"allow":["GET"]}}],"collection":[{"href":"https:\/\/meadowfield.eu\/english\/wp-json\/wp\/v2\/pages"}],"about":[{"href":"https:\/\/meadowfield.eu\/english\/wp-json\/wp\/v2\/types\/page"}],"author":[{"embeddable":true,"href":"https:\/\/meadowfield.eu\/english\/wp-json\/wp\/v2\/users\/3"}],"replies":[{"embeddable":true,"href":"https:\/\/meadowfield.eu\/english\/wp-json\/wp\/v2\/comments?post=984"}],"version-history":[{"count":19,"href":"https:\/\/meadowfield.eu\/english\/wp-json\/wp\/v2\/pages\/984\/revisions"}],"predecessor-version":[{"id":1685,"href":"https:\/\/meadowfield.eu\/english\/wp-json\/wp\/v2\/pages\/984\/revisions\/1685"}],"wp:attachment":[{"href":"https:\/\/meadowfield.eu\/english\/wp-json\/wp\/v2\/media?parent=984"}],"curies":[{"name":"wp","href":"https:\/\/api.w.org\/{rel}","templated":true}]}}